{"id":1294,"date":"2025-11-13T09:07:51","date_gmt":"2025-11-13T09:07:51","guid":{"rendered":"https:\/\/ccvilamarina.es\/?page_id=1294"},"modified":"2025-11-13T09:07:52","modified_gmt":"2025-11-13T09:07:52","slug":"politica-de-cookies-cat","status":"publish","type":"page","link":"https:\/\/ccvilamarina.es\/en\/politica-de-cookies-cat\/","title":{"rendered":"COOKIES POLICY CAT"},"content":{"rendered":"<p>[et_pb_section fb_built=\u00bb1&#8243; fullwidth=\u00bbon\u00bb _builder_version=\u00bb4.23.1&#8243; _module_preset=\u00bbdefault\u00bb background_image=\u00bbhttps:\/\/ccvilamarina.es\/wp-content\/uploads\/2023\/08\/vilamarina_eletlen.jpg\u00bb custom_margin=\u00bb-100px||||false|false\u00bb custom_margin_tablet=\u00bb-100px||||false|false\u00bb custom_margin_phone=\u00bb-100px||||false|false\u00bb custom_margin_last_edited=\u00bbon|desktop\u00bb global_colors_info=\u00bb{}\u00bb theme_builder_area=\u00bbpost_content\u00bb][et_pb_fullwidth_header title=\u00bbPOL\u00cdTICA DE COOKIES\u00bb text_orientation=\u00bbcenter\u00bb _builder_version=\u00bb4.23.1&#8243; _module_preset=\u00bbdefault\u00bb title_font=\u00bbMontserrat|800|||||||\u00bb title_font_size=\u00bb55px\u00bb subhead_font=\u00bb|700|||||||\u00bb subhead_text_color=\u00bb#000000&#8243; subhead_font_size=\u00bb25px\u00bb background_enable_color=\u00bboff\u00bb custom_margin=\u00bb||||false|false\u00bb custom_padding=\u00bb200px||200px||true|false\u00bb global_colors_info=\u00bb{}\u00bb theme_builder_area=\u00bbpost_content\u00bb][\/et_pb_fullwidth_header][\/et_pb_section][et_pb_section fb_built=\u00bb1&#8243; _builder_version=\u00bb4.16&#8243; _module_preset=\u00bbdefault\u00bb global_colors_info=\u00bb{}\u00bb theme_builder_area=\u00bbpost_content\u00bb][et_pb_row _builder_version=\u00bb4.27.4&#8243; _module_preset=\u00bbdefault\u00bb width=\u00bb90%\u00bb max_width=\u00bb90%\u00bb global_colors_info=\u00bb{}\u00bb theme_builder_area=\u00bbpost_content\u00bb][et_pb_column type=\u00bb4_4&#8243; _builder_version=\u00bb4.16&#8243; _module_preset=\u00bbdefault\u00bb global_colors_info=\u00bb{}\u00bb theme_builder_area=\u00bbpost_content\u00bb][et_pb_image src=\u00bbhttps:\/\/ccvilamarina.es\/wp-content\/uploads\/2025\/11\/catalan_flag-1.png\u00bb title_text=\u00bbcatalan_flag\u00bb align=\u00bbcenter\u00bb _builder_version=\u00bb4.27.4&#8243; _module_preset=\u00bbdefault\u00bb height=\u00bb186px\u00bb global_colors_info=\u00bb{}\u00bb theme_builder_area=\u00bbpost_content\u00bb][\/et_pb_image][et_pb_text _builder_version=\u00bb4.27.4&#8243; _module_preset=\u00bb60227670-5756-4f1a-9431-98fc3527d93e\u00bb text_font=\u00bbMontserrat||||||||\u00bb header_font=\u00bb||||||||\u00bb header_2_font=\u00bbMontserrat||||||||\u00bb header_2_text_color=\u00bb#044D7F\u00bb header_2_font_size=\u00bb34px\u00bb header_2_line_height=\u00bb1.7em\u00bb header_4_font=\u00bbMontserrat|600|||||||\u00bb header_4_text_color=\u00bb#044D7F\u00bb header_4_font_size=\u00bb24px\u00bb text_orientation=\u00bbjustified\u00bb header_2_font_size_tablet=\u00bb34px\u00bb header_2_font_size_phone=\u00bb30px\u00bb header_2_font_size_last_edited=\u00bbon|phone\u00bb global_colors_info=\u00bb{}\u00bb theme_builder_area=\u00bbpost_content\u00bb]<\/p>\n<p>The purpose of this policy is to define the use of cookies on the website, as well as to provide information to users and visitors of the website in relation to the use of cookies and the means of configuring their browsers.<\/p>\n<p>The use of the services offered by , implies full and unreserved acceptance of this policy on the use of cookies.<\/p>\n<p>NIOMER VILAMARINA - CENTRE COMERCIAL VILAMARINA may collect information through files such as cookies or log files about users' browsing on the website. These devices are associated exclusively with a single user and their own access device.<\/p>\n<p><strong>1.- What is a Cookie?<\/strong><\/p>\n<p>Cookies are small files of information that are downloaded to the user's device when visiting a website.<\/p>\n<p>Cookies are a tool used by web servers to store and retrieve information about their users. They are text files that some servers ask your browser to write to your hard disk, with information about your activity on the website. They have an expiry date, which can range from the time the session lasts until a specified future date, after which they cease to be operational.<strong>.<\/strong><\/p>\n<p>Cookies are essential for the functioning of the Internet; they cannot damage the user's equipment\/device and, if they are activated in the configuration of the user's browser, they help us to identify and resolve possible malfunctions.<\/p>\n<p>&nbsp;<\/p>\n<p><strong>2.- Types of Cookies.<\/strong><\/p>\n<p>Cookies are divided into different types of classifications: by who uses these cookies, by the purpose of their use and by the length of time they remain active.<\/p>\n<ol>\n<li><strong> <\/strong><strong>Per qui \u00e9s el propietari, <\/strong>is classified into:<\/li>\n<\/ol>\n<ul>\n<li><strong>Own cookies: <\/strong>Those that we send to your computer or terminal from our website.<\/li>\n<li><strong>Third party cookies: <\/strong>Those that are sent to your computer or terminal from a domain or web page that is not managed by us, but by another entity that processes the data obtained through cookies.<\/li>\n<\/ul>\n<p>&nbsp;<\/p>\n<ol>\n<li><strong> <\/strong><strong>Per la finalitat, <\/strong>is classified into:<\/li>\n<\/ol>\n<ul>\n<li><strong>Functional cookies: <\/strong>They are those that allow the user to navigate through a web page and use the different options or services that exist on it.<strong>.<\/strong><\/li>\n<li><strong>Cookies personalitzaci\u00f3: <\/strong>These are those that allow the user to access the service with some general characteristics predefined according to a series of criteria in the user's terminal, such as, for example, the language, the type of browser through which he\/she accesses the service, the regional configuration from which he\/she accesses the service, etc.<\/li>\n<li><strong>Analysis cookies: <\/strong>These are those that, if processed by us or by third parties, allow us to quantify the number of users and carry out statistical measurement and analysis of the use made by users of our website. In order to do this, we analyse browsing on our website with the aim of improving the range of products and services we offer.<\/li>\n<li><strong>Behavioural advertising cookies: <\/strong>They are those that emmagatzemen information of the behaviour of users obtained through the continuous observation of their browsing habits, which allows to develop a specific profile to display advertising based on it.<\/li>\n<\/ul>\n<p>&nbsp;<\/p>\n<ol>\n<li><strong> <\/strong><strong>For permanence, <\/strong>is classified into:<\/li>\n<\/ol>\n<ul>\n<li><strong>Cookies de Sessi\u00f3: <\/strong>These are those designed to collect and store data while the user accesses a web page. They disappear when the user ends the session.<\/li>\n<li><strong>Persistent Cookies: <\/strong>These are those in which the data remain stored in the terminal, and can be accessed and processed for a defined period of time by the person responsible for the cookie, which can range from a few minutes to several years.<\/li>\n<\/ul>\n<p>&nbsp;<\/p>\n<p><strong>3.- Use of Cookies by.<\/strong><\/p>\n<p>NIOMER VILAMARINA - CENTRE COMERCIAL VILAMARINA uses functional cookies on its website, which are necessary to correctly display the website and guarantee its correct functioning, and analytical cookies, which are used to analyse the behaviour of users in an aggregate and anonymous way, including the number of visitors to the website and to different internal pages, the origin of the visit, day and time, platform or search terms used by a user to find the desired content.<\/p>\n<p>&nbsp;<\/p>\n<p>The purposes for which we use cookies are as follows:<\/p>\n<ul>\n<li>To personalise user navigation, recognise the user's language and balance the web page load.<\/li>\n<li>To be able to introduce improvements in the website and to know which content or design is more relevant for the user....<\/li>\n<\/ul>\n<p>&nbsp;<\/p>\n<p>NIOMER VILAMARINA - CENTRE COMERCIAL VILAMARINA cannot read the cookies implemented in the hard disk of the user's computer\/terminal from other web servers.<\/p>\n<p>In the following table you can consult the cookies used on this website, their purpose, whether they are your own or from third parties and how long they last.<\/p>\n<table data-start=\"155\" data-end=\"1395\" class=\"w-fit min-w-(--thread-content-width)\">\n<thead data-start=\"155\" data-end=\"214\">\n<tr data-start=\"155\" data-end=\"214\">\n<th data-start=\"155\" data-end=\"174\" data-col-size=\"sm\">Nom de la galeta<\/th>\n<th data-start=\"174\" data-end=\"183\" data-col-size=\"sm\">Domini<\/th>\n<th data-start=\"183\" data-end=\"196\" data-col-size=\"xl\">Description<\/th>\n<th data-start=\"196\" data-end=\"205\" data-col-size=\"sm\">Duration<\/th>\n<th data-start=\"205\" data-end=\"214\" data-col-size=\"sm\">Tipus<\/th>\n<\/tr>\n<\/thead>\n<tbody data-start=\"281\" data-end=\"1395\">\n<tr data-start=\"281\" data-end=\"473\">\n<td data-start=\"281\" data-end=\"291\" data-col-size=\"sm\">_gcl_au<\/td>\n<td data-col-size=\"sm\" data-start=\"291\" data-end=\"309\">ccvilamarina.es<\/td>\n<td data-col-size=\"xl\" data-start=\"309\" data-end=\"449\">Google Tag Manager has set up this tag to experiment with the advertising efficiency of the websites that use its services.<\/td>\n<td data-col-size=\"sm\" data-start=\"449\" data-end=\"459\">3 months<\/td>\n<td data-col-size=\"sm\" data-start=\"459\" data-end=\"473\">Publicitat<\/td>\n<\/tr>\n<tr data-start=\"474\" data-end=\"636\">\n<td data-start=\"474\" data-end=\"482\" data-col-size=\"sm\"><em data-start=\"476\" data-end=\"480\">ga<\/em>*<\/td>\n<td data-col-size=\"sm\" data-start=\"482\" data-end=\"500\">ccvilamarina.es<\/td>\n<td data-col-size=\"xl\" data-start=\"500\" data-end=\"602\">Google Analytics sets up this tab to display and count page views.<\/td>\n<td data-col-size=\"sm\" data-start=\"602\" data-end=\"623\">1 any 1 month 4 days<\/td>\n<td data-col-size=\"sm\" data-start=\"623\" data-end=\"636\">Analytics<\/td>\n<\/tr>\n<tr data-start=\"637\" data-end=\"1001\">\n<td data-start=\"637\" data-end=\"643\" data-col-size=\"sm\">_ga<\/td>\n<td data-start=\"643\" data-end=\"661\" data-col-size=\"sm\">ccvilamarina.es<\/td>\n<td data-col-size=\"xl\" data-start=\"661\" data-end=\"967\">The _ga widget, installed by Google Analytics, calculates visitor, session and campaign data, and also tracks site usage for analytics reports. The tag aggregates the information anonymously and assigns a randomly generated number to recognise unique visitors.<\/td>\n<td data-col-size=\"sm\" data-start=\"967\" data-end=\"988\">1 any 1 month 4 days<\/td>\n<td data-col-size=\"sm\" data-start=\"988\" data-end=\"1001\">Analytics<\/td>\n<\/tr>\n<tr data-start=\"1002\" data-end=\"1164\">\n<td data-start=\"1002\" data-end=\"1010\" data-col-size=\"sm\"><em data-start=\"1004\" data-end=\"1008\">ga<\/em>*<\/td>\n<td data-col-size=\"sm\" data-start=\"1010\" data-end=\"1028\">ccvilamarina.es<\/td>\n<td data-col-size=\"xl\" data-start=\"1028\" data-end=\"1130\">Google Analytics sets up this tab to display and count page views.<\/td>\n<td data-col-size=\"sm\" data-start=\"1130\" data-end=\"1151\">1 any 1 month 4 days<\/td>\n<td data-col-size=\"sm\" data-start=\"1151\" data-end=\"1164\">Analytics<\/td>\n<\/tr>\n<tr data-start=\"1165\" data-end=\"1324\">\n<td data-start=\"1165\" data-end=\"1179\" data-col-size=\"sm\">test_cookie<\/td>\n<td data-col-size=\"sm\" data-start=\"1179\" data-end=\"1197\">doubleclick.net<\/td>\n<td data-col-size=\"xl\" data-start=\"1197\" data-end=\"1298\">doubleclick.net sets up this cookie to determine if the user's browser supports cookies.<\/td>\n<td data-col-size=\"sm\" data-start=\"1298\" data-end=\"1310\">15 minuts<\/td>\n<td data-col-size=\"sm\" data-start=\"1310\" data-end=\"1324\">Publicitat<\/td>\n<\/tr>\n<tr data-start=\"1325\" data-end=\"1395\">\n<td data-start=\"1325\" data-end=\"1335\" data-col-size=\"sm\">_gcl_ls<\/td>\n<td data-col-size=\"sm\" data-start=\"1335\" data-end=\"1353\">ccvilamarina.es<\/td>\n<td data-col-size=\"xl\" data-start=\"1353\" data-end=\"1357\">-<\/td>\n<td data-col-size=\"sm\" data-start=\"1357\" data-end=\"1385\">sense caducitat (\u201cnever\u201d)<\/td>\n<td data-col-size=\"sm\" data-start=\"1385\" data-end=\"1395\">Other<\/td>\n<\/tr>\n<\/tbody>\n<\/table>\n<p>&nbsp;<\/p>\n<p><strong>4.- Use of Google Analytics Cookies.<\/strong><\/p>\n<p>The website uses analytical cookies from Google Analytics (1600 Amphitheatre Parkway, Mountain View, California, CA 94043, United States). These cookies do not collect personal information that identifies a visitor. All information collected by these cookies is aggregated and therefore anonymous. It is only used to improve the functioning of the site.<\/p>\n<p>You can find more information about Google Analytics cookies at:<\/p>\n<ul>\n<li><span><a href=\"https:\/\/policies.google.com\/technologies\/cookies?hl=es\" target=\"_blank\" rel=\"noopener\">https:\/\/policies.google.com\/technologies\/cookies?hl=es<\/a><\/span><\/li>\n<\/ul>\n<p>&nbsp;<\/p>\n<p>You can prevent the use of Google Analytics in connection with its use by downloading and installing the browser add-on available through this link:<\/p>\n<p>https:\/\/tools.google.com\/dlpage\/gaoptout?hl=es<\/p>\n<p><strong>5.- Configuraci\u00f3 de les Cookies.<\/strong><\/p>\n<p>The user can block Cookies through the configuration tools of the browser, or can configure their browser to warn them when a server wants to save a Cookie.<\/p>\n<ul>\n<li>If you use Microsoft Internet Explorer, you will find the option in the menu Tools &gt; Internet Options &gt; Privacy &gt; Settings.<\/li>\n<\/ul>\n<p>More information at <a href=\"http:\/\/windows.microsoft.com\/es-es\/\" target=\"_blank\" rel=\"noopener\"><span>https:\/\/windows.microsoft.com\/es-es\/<\/span><\/a><\/p>\n<ul>\n<li>If you use Firefox, you will find the option in the menu Eines &gt; Options &gt; Privacy &gt; Cookies.<\/li>\n<\/ul>\n<p>More information at <a href=\"https:\/\/support.mozilla.org\/es\/kb\/Borrar%20cookies\" target=\"_blank\" rel=\"noopener\">https:\/\/support.mozilla.org\/es\/kb\/Borrar%20cookies<\/a><\/p>\n<ul>\n<li>If you use Chrome, in the section Options &gt; Advanced options &gt; Privacy.<\/li>\n<\/ul>\n<p>More information at <a href=\"https:\/\/support.google.com\/accounts\/answer\/61416?hl=es\" target=\"_blank\" rel=\"noopener\"><span>https:\/\/support.google.com\/accounts\/answer\/61416?hl=es<\/span><\/a><\/p>\n<ul>\n<li>If you use Opera, in the Security and Privacy option, you can configure your browser.<\/li>\n<\/ul>\n<p>More information at <a href=\"http:\/\/help.opera.com\/Windows\/11.50\/es-ES\/cookies.html\" target=\"_blank\" rel=\"noopener\"><span>https:\/\/help.opera.com\/Windows\/11.50\/es-ES\/cookies.html<\/span><\/a><\/p>\n<ul>\n<li>If you use Safari you will find the option in the Preferences\/Privacy menu.<\/li>\n<\/ul>\n<p>More information at en: <a href=\"https:\/\/support.apple.com\/kb\/HT1677?viewlocale=es_ES\" target=\"_blank\" rel=\"noopener\">https:\/\/support.apple.com\/kb\/HT1677?viewlocale=es_ES<\/a><\/p>\n<p><span>\u00a0<\/span><\/p>\n<p>From the cookies banner that appears when you access the website, you have the option of exercising your right to block, delete and reject the use of cookies.<\/p>\n<p>You can access our galette configuration panel by clicking on <strong data-start=\"366\" data-end=\"395\" data-is-only-node=\"\">\u201cConfiguraci\u00f3 de galetes\u201d (Configuration of galetes)\u201d<\/strong> to the bottom corner of the website and proceed to withdraw your consent.<\/p>\n<p>[\/et_pb_text][\/et_pb_column][\/et_pb_row][\/et_pb_section].<\/p>","protected":false},"excerpt":{"rendered":"<p>La present pol\u00edtica t\u00e9 com a finalitat definir l&#8217;\u00fas de cookies de la p\u00e0gina web , aix\u00ed com facilitar informaci\u00f3 als usuaris i visitants de la mateixa en relaci\u00f3 a l&#8217;\u00fas de cookies i els mitjans de configuraci\u00f3 dels seus navegadors. La utilitzaci\u00f3 dels serveis oferts per , suposar\u00e0 l&#8217;acceptaci\u00f3 plena i sense reserves d&#8217;aquesta [&hellip;]<\/p>","protected":false},"author":4,"featured_media":0,"parent":0,"menu_order":0,"comment_status":"closed","ping_status":"closed","template":"","meta":{"_et_pb_use_builder":"on","_et_pb_old_content":"","_et_gb_content_width":"","footnotes":""},"class_list":["post-1294","page","type-page","status-publish","hentry"],"_links":{"self":[{"href":"https:\/\/ccvilamarina.es\/en\/wp-json\/wp\/v2\/pages\/1294","targetHints":{"allow":["GET"]}}],"collection":[{"href":"https:\/\/ccvilamarina.es\/en\/wp-json\/wp\/v2\/pages"}],"about":[{"href":"https:\/\/ccvilamarina.es\/en\/wp-json\/wp\/v2\/types\/page"}],"author":[{"embeddable":true,"href":"https:\/\/ccvilamarina.es\/en\/wp-json\/wp\/v2\/users\/4"}],"replies":[{"embeddable":true,"href":"https:\/\/ccvilamarina.es\/en\/wp-json\/wp\/v2\/comments?post=1294"}],"version-history":[{"count":2,"href":"https:\/\/ccvilamarina.es\/en\/wp-json\/wp\/v2\/pages\/1294\/revisions"}],"predecessor-version":[{"id":1296,"href":"https:\/\/ccvilamarina.es\/en\/wp-json\/wp\/v2\/pages\/1294\/revisions\/1296"}],"wp:attachment":[{"href":"https:\/\/ccvilamarina.es\/en\/wp-json\/wp\/v2\/media?parent=1294"}],"curies":[{"name":"wp","href":"https:\/\/api.w.org\/{rel}","templated":true}]}}