{"id":1291,"date":"2025-11-13T09:05:48","date_gmt":"2025-11-13T09:05:48","guid":{"rendered":"https:\/\/ccvilamarina.es\/?page_id=1291"},"modified":"2025-11-13T09:05:50","modified_gmt":"2025-11-13T09:05:50","slug":"politica-de-cookies-es","status":"publish","type":"page","link":"https:\/\/ccvilamarina.es\/en\/politica-de-cookies-es\/","title":{"rendered":"COOKIE POLICY EN"},"content":{"rendered":"<p>[et_pb_section fb_built=\u00bb1&#8243; fullwidth=\u00bbon\u00bb _builder_version=\u00bb4.23.1&#8243; _module_preset=\u00bbdefault\u00bb background_image=\u00bbhttps:\/\/ccvilamarina.es\/wp-content\/uploads\/2023\/08\/vilamarina_eletlen.jpg\u00bb custom_margin=\u00bb-100px||||false|false\u00bb custom_margin_tablet=\u00bb-100px||||false|false\u00bb custom_margin_phone=\u00bb-100px||||false|false\u00bb custom_margin_last_edited=\u00bbon|desktop\u00bb global_colors_info=\u00bb{}\u00bb theme_builder_area=\u00bbpost_content\u00bb][et_pb_fullwidth_header title=\u00bbPOL\u00cdTICA DE COOKIES\u00bb text_orientation=\u00bbcenter\u00bb _builder_version=\u00bb4.23.1&#8243; _module_preset=\u00bbdefault\u00bb title_font=\u00bbMontserrat|800|||||||\u00bb title_font_size=\u00bb55px\u00bb subhead_font=\u00bb|700|||||||\u00bb subhead_text_color=\u00bb#000000&#8243; subhead_font_size=\u00bb25px\u00bb background_enable_color=\u00bboff\u00bb custom_margin=\u00bb||||false|false\u00bb custom_padding=\u00bb200px||200px||true|false\u00bb global_colors_info=\u00bb{}\u00bb theme_builder_area=\u00bbpost_content\u00bb][\/et_pb_fullwidth_header][\/et_pb_section][et_pb_section fb_built=\u00bb1&#8243; _builder_version=\u00bb4.16&#8243; _module_preset=\u00bbdefault\u00bb global_colors_info=\u00bb{}\u00bb theme_builder_area=\u00bbpost_content\u00bb][et_pb_row _builder_version=\u00bb4.27.4&#8243; _module_preset=\u00bbdefault\u00bb width=\u00bb90%\u00bb max_width=\u00bb90%\u00bb global_colors_info=\u00bb{}\u00bb theme_builder_area=\u00bbpost_content\u00bb][et_pb_column type=\u00bb4_4&#8243; _builder_version=\u00bb4.16&#8243; _module_preset=\u00bbdefault\u00bb global_colors_info=\u00bb{}\u00bb theme_builder_area=\u00bbpost_content\u00bb][et_pb_image src=\u00bbhttps:\/\/ccvilamarina.es\/wp-content\/uploads\/2025\/11\/spain_flag.png\u00bb title_text=\u00bbspain_flag\u00bb align=\u00bbcenter\u00bb _builder_version=\u00bb4.27.4&#8243; _module_preset=\u00bbdefault\u00bb global_colors_info=\u00bb{}\u00bb theme_builder_area=\u00bbpost_content\u00bb][\/et_pb_image][et_pb_text _builder_version=\u00bb4.27.4&#8243; _module_preset=\u00bb60227670-5756-4f1a-9431-98fc3527d93e\u00bb text_font=\u00bbMontserrat||||||||\u00bb header_font=\u00bb||||||||\u00bb header_2_font=\u00bbMontserrat||||||||\u00bb header_2_text_color=\u00bb#044D7F\u00bb header_2_font_size=\u00bb34px\u00bb header_2_line_height=\u00bb1.7em\u00bb header_4_font=\u00bbMontserrat|600|||||||\u00bb header_4_text_color=\u00bb#044D7F\u00bb header_4_font_size=\u00bb24px\u00bb text_orientation=\u00bbjustified\u00bb header_2_font_size_tablet=\u00bb34px\u00bb header_2_font_size_phone=\u00bb30px\u00bb header_2_font_size_last_edited=\u00bbon|phone\u00bb global_colors_info=\u00bb{}\u00bb theme_builder_area=\u00bbpost_content\u00bb]<\/p>\n<p>The purpose of this policy is to define the use of cookies on the website, as well as to provide information to users and visitors in relation to the use of cookies and the means of configuring their browsers.<\/p>\n<p>The use of the services offered by NIOMER VILAMARINA - CENTRO COMERCIAL VILAMARINA, implies full and unreserved acceptance of this policy on the use of cookies.<\/p>\n<p>NIOMER VILAMARINA - CENTRO COMERCIAL VILAMARINA may collect information through files such as cookies or log files about users' browsing on the website. These devices are associated exclusively with a single user and their own access device.<\/p>\n<p><strong>1.- What is a Cookie?<\/strong><\/p>\n<p>Cookies are small information files that are downloaded to a user's device when visiting a website.<\/p>\n<p>Cookies are a tool used by web servers to store and retrieve information about their users. They are text files that some servers ask your browser to write to your hard drive, containing information about your activity on the website. They have an expiry date, which can range from the duration of the session to a specified future date, after which they are no longer operational.<\/p>\n<p>Cookies are essential for the functioning of the Internet; they cannot damage your computer\/device and, if enabled in your browser settings, they help us to identify and resolve possible malfunctions. .<\/p>\n<p>&nbsp;<\/p>\n<p><strong>2.- Types of Cookies.<\/strong><\/p>\n<p>Cookies are divided into several types of classifications: by who uses them, by the purpose of their use and by the length of time they remain active.<\/p>\n<ol>\n<li><strong> <\/strong><strong>By whom it is owned<\/strong>, are classified into:<\/li>\n<\/ol>\n<ul>\n<li><strong>Own cookies<\/strong>Those that we send to your computer or terminal from our website.<\/li>\n<li><strong>Third party cookies<\/strong>Cookies: Those that are sent to your computer or terminal from a domain or web page that is not managed by us, but by another entity that processes the data obtained through the cookies.<\/li>\n<\/ul>\n<p>&nbsp;<\/p>\n<ol>\n<li><strong> <\/strong><strong>For the purpose<\/strong>, are classified into:<\/li>\n<\/ol>\n<ul>\n<li><strong>Functional cookies<\/strong>These are those that allow the user to browse through a web page and use the different options or services that exist on it.<\/li>\n<li><strong>Personalisation cookies<\/strong>These are those that allow the user to access the service with some general characteristics predefined according to a series of criteria in the user's terminal, such as, for example, the language, the type of browser through which the service is accessed, the regional configuration from where the service is accessed, etc.<\/li>\n<li><strong>Analytics cookies<\/strong>These are those that, either processed by us or by third parties, allow us to quantify the number of users and carry out the measurement and statistical analysis of the use made by users of our website. To do this, we analyse browsing on our website in order to improve the range of products or services we offer.<\/li>\n<li><strong>Behavioural advertising cookies<\/strong>These are those that store information on the behaviour of users obtained through the continuous observation of their browsing habits, which allows a specific profile to be developed in order to display advertising based on it.<\/li>\n<\/ul>\n<p>&nbsp;<\/p>\n<ol>\n<li><strong> <\/strong><strong>For permanence<\/strong>, are classified as<\/li>\n<\/ol>\n<ul>\n<li><strong>Session Cookies<\/strong>These are designed to collect and store data while the user accesses a web page. They disappear when the user ends the session.<\/li>\n<li><strong>Persistent Cookies<\/strong>These are those in which the data remain stored in the terminal, and can be accessed and processed for a period defined by the cookie manager, which can range from a few minutes to several years.<\/li>\n<\/ul>\n<p><strong>\u00a0<\/strong><\/p>\n<p><strong>3.- Use of Cookies by <\/strong>NIOMER VILAMARINA - VILAMARINA SHOPPING CENTRE<strong>.<\/strong><\/p>\n<p>NIOMER VILAMARINA - CENTRO COMERCIAL VILAMARINA uses functional cookies on its website, which are necessary to correctly display the website and guarantee its correct functioning, and analytical cookies, which are used to analyse user behaviour in an aggregate and anonymous way, including the number of visitors to the website and to different internal pages, the origin of the visit, day and time, platform or search words used by a user to find the desired content.<\/p>\n<p>&nbsp;<\/p>\n<p>The purposes for which we use cookies are as follows:<\/p>\n<ul>\n<li>To personalise the user's browsing experience, recognise the user's language and balance the load of the website.<\/li>\n<li>To be able to make improvements to the website and to know what content or design is most relevant to the user.<\/li>\n<\/ul>\n<p>&nbsp;<\/p>\n<p>NIOMER VILAMARINA - CENTRO COMERCIAL VILAMARINA cannot read the cookies implemented in the hard disk of the user's computer\/terminal from other web servers other than its own.<\/p>\n<p>In the following table you can consult the cookies used on this website, their purpose, whether they are our own or third-party cookies and their duration.<\/p>\n<p>&nbsp;<\/p>\n<table data-start=\"58\" data-end=\"1282\" class=\"w-fit min-w-(--thread-content-width)\">\n<thead data-start=\"58\" data-end=\"123\">\n<tr data-start=\"58\" data-end=\"123\">\n<th data-start=\"58\" data-end=\"80\" data-col-size=\"sm\">Cookie name<\/th>\n<th data-start=\"80\" data-end=\"90\" data-col-size=\"sm\">Domain<\/th>\n<th data-start=\"90\" data-end=\"104\" data-col-size=\"xl\">Description<\/th>\n<th data-start=\"104\" data-end=\"115\" data-col-size=\"sm\">Duration<\/th>\n<th data-start=\"115\" data-end=\"123\" data-col-size=\"sm\">Type<\/th>\n<\/tr>\n<\/thead>\n<tbody data-start=\"195\" data-end=\"1282\">\n<tr data-start=\"195\" data-end=\"383\">\n<td data-start=\"195\" data-end=\"205\" data-col-size=\"sm\">_gcl_au<\/td>\n<td data-col-size=\"sm\" data-start=\"205\" data-end=\"223\">ccvilamarina.es<\/td>\n<td data-col-size=\"xl\" data-start=\"223\" data-end=\"359\">Google Tag Manager sets this cookie to experiment with the advertising effectiveness of the websites that use its services.<\/td>\n<td data-col-size=\"sm\" data-start=\"359\" data-end=\"369\">3 months<\/td>\n<td data-col-size=\"sm\" data-start=\"369\" data-end=\"383\">Advertising<\/td>\n<\/tr>\n<tr data-start=\"384\" data-end=\"531\">\n<td data-start=\"384\" data-end=\"392\" data-col-size=\"sm\"><em data-start=\"386\" data-end=\"390\">ga<\/em>*<\/td>\n<td data-col-size=\"sm\" data-start=\"392\" data-end=\"410\">ccvilamarina.es<\/td>\n<td data-col-size=\"xl\" data-start=\"410\" data-end=\"497\">Google Analytics sets this cookie to store and count page views.<\/td>\n<td data-col-size=\"sm\" data-start=\"497\" data-end=\"518\">1 year 1 month 4 days<\/td>\n<td data-col-size=\"sm\" data-start=\"518\" data-end=\"531\">Analytics<\/td>\n<\/tr>\n<tr data-start=\"532\" data-end=\"905\">\n<td data-start=\"532\" data-end=\"538\" data-col-size=\"sm\">_ga<\/td>\n<td data-start=\"538\" data-end=\"556\" data-col-size=\"sm\">ccvilamarina.es<\/td>\n<td data-col-size=\"xl\" data-start=\"556\" data-end=\"871\">The _ga cookie, set by Google Analytics, calculates visitor, session and campaign data, and also tracks site usage for analytics reporting. The cookie stores information anonymously and assigns a randomly generated number to recognise unique visitors.<\/td>\n<td data-col-size=\"sm\" data-start=\"871\" data-end=\"892\">1 year 1 month 4 days<\/td>\n<td data-col-size=\"sm\" data-start=\"892\" data-end=\"905\">Analytics<\/td>\n<\/tr>\n<tr data-start=\"906\" data-end=\"1053\">\n<td data-start=\"906\" data-end=\"914\" data-col-size=\"sm\"><em data-start=\"908\" data-end=\"912\">ga<\/em>*<\/td>\n<td data-col-size=\"sm\" data-start=\"914\" data-end=\"932\">ccvilamarina.es<\/td>\n<td data-col-size=\"xl\" data-start=\"932\" data-end=\"1019\">Google Analytics sets this cookie to store and count page views.<\/td>\n<td data-col-size=\"sm\" data-start=\"1019\" data-end=\"1040\">1 year 1 month 4 days<\/td>\n<td data-col-size=\"sm\" data-start=\"1040\" data-end=\"1053\">Analytics<\/td>\n<\/tr>\n<tr data-start=\"1054\" data-end=\"1213\">\n<td data-start=\"1054\" data-end=\"1068\" data-col-size=\"sm\">test_cookie<\/td>\n<td data-col-size=\"sm\" data-start=\"1068\" data-end=\"1086\">doubleclick.net<\/td>\n<td data-col-size=\"xl\" data-start=\"1086\" data-end=\"1186\">doubleclick.net sets this cookie to determine whether the user's browser supports cookies.<\/td>\n<td data-col-size=\"sm\" data-start=\"1186\" data-end=\"1199\">15 minutes<\/td>\n<td data-col-size=\"sm\" data-start=\"1199\" data-end=\"1213\">Advertising<\/td>\n<\/tr>\n<tr data-start=\"1214\" data-end=\"1282\">\n<td data-start=\"1214\" data-end=\"1224\" data-col-size=\"sm\">_gcl_ls<\/td>\n<td data-col-size=\"sm\" data-start=\"1224\" data-end=\"1242\">ccvilamarina.es<\/td>\n<td data-col-size=\"xl\" data-start=\"1242\" data-end=\"1246\">-<\/td>\n<td data-col-size=\"sm\" data-start=\"1246\" data-end=\"1274\">never<\/td>\n<td data-col-size=\"sm\" data-start=\"1274\" data-end=\"1282\">Another<\/td>\n<\/tr>\n<\/tbody>\n<\/table>\n<p><strong><\/strong><\/p>\n<p><strong>4.- Use of Google Analytics Cookies.<\/strong><\/p>\n<p>The website uses analytics cookies from Google Analytics (1600 Amphitheatre Parkway, Mountain View, California, CA 94043, United States). These cookies do not collect personally identifiable information about a visitor. All information these cookies collect is aggregated and therefore anonymous. It is only used to improve how the site works.<\/p>\n<p>&nbsp;<\/p>\n<p>You can find more information about Google Analytics cookies at:<\/p>\n<ul>\n<li><span><a href=\"https:\/\/policies.google.com\/technologies\/cookies?hl=es\" target=\"_blank\" rel=\"noopener\">https:\/\/policies.google.com\/technologies\/cookies?hl=es<\/a><\/span><\/li>\n<\/ul>\n<p>&nbsp;<\/p>\n<p>You can prevent the use of Google Analytics in connection with your use of by downloading and installing the browser add-on available via this link:<\/p>\n<p><span><a href=\"https:\/\/tools.google.com\/dlpage\/gaoptout?hl=es\" target=\"_blank\" rel=\"noopener\">https:\/\/tools.google.com\/dlpage\/gaoptout?hl=es<\/a><\/span><\/p>\n<p><span>\u00a0<\/span><\/p>\n<p><strong>5.- Cookies configuration.<\/strong><\/p>\n<p>The user can block Cookies through the configuration tools of the browser, or can configure their browser to warn them when a server wants to save a Cookie.<\/p>\n<ul>\n<li>If you use Microsoft Internet Explorer, you will find the option in the menu Tools &gt; Internet Options &gt; Privacy &gt; Settings.<\/li>\n<\/ul>\n<p>More information at <a href=\"http:\/\/windows.microsoft.com\/es-es\/\" target=\"_blank\" rel=\"noopener\"><span>https:\/\/windows.microsoft.com\/es-es\/<\/span><\/a><\/p>\n<ul>\n<li>If you use Firefox, you will find the option in the menu Tools &gt; Options &gt; Privacy &gt; Cookies.<\/li>\n<\/ul>\n<p>More information at <a href=\"https:\/\/support.mozilla.org\/es\/kb\/Borrar%20cookies\" target=\"_blank\" rel=\"noopener\">https:\/\/support.mozilla.org\/es\/kb\/Borrar%20cookies<\/a><\/p>\n<ul>\n<li>If you are using Chrome, under Options &gt; Advanced &gt; Privacy.<\/li>\n<\/ul>\n<p>More information at <a href=\"https:\/\/support.google.com\/accounts\/answer\/61416?hl=es\" target=\"_blank\" rel=\"noopener\"><span>https:\/\/support.google.com\/accounts\/answer\/61416?hl=es<\/span><\/a><\/p>\n<ul>\n<li>If you use Opera, in the Security and Privacy option, you can configure the browser.<\/li>\n<\/ul>\n<p>More information at <a href=\"http:\/\/help.opera.com\/Windows\/11.50\/es-ES\/cookies.html\" target=\"_blank\" rel=\"noopener\"><span>https:\/\/help.opera.com\/Windows\/11.50\/es-ES\/cookies.html<\/span><\/a><\/p>\n<ul>\n<li>If you use Safari you will find the option in the Preferences\/Privacy menu.<\/li>\n<\/ul>\n<p>For more information, please visit <a href=\"https:\/\/support.apple.com\/kb\/HT1677?viewlocale=es_ES\" target=\"_blank\" rel=\"noopener\">https:\/\/support.apple.com\/kb\/HT1677?viewlocale=es_ES<\/a><\/p>\n<p><span>\u00a0<\/span><\/p>\n<p>From the cookies banner that appears when you access the website, you have the possibility of exercising your right to block, delete and reject the use of cookies.<\/p>\n<p>You can access our cookie settings panel by clicking on <strong data-start=\"171\" data-end=\"201\" data-is-only-node=\"\">\u201cCookie settings\u201d<\/strong> in the bottom corner of the website and proceed to withdraw your consent.<\/p>\n<p>[\/et_pb_text][\/et_pb_column][\/et_pb_row][\/et_pb_section].<\/p>","protected":false},"excerpt":{"rendered":"<p>La presente pol\u00edtica tiene como finalidad definir el uso de cookies de la p\u00e1gina web\u00a0\u00a0 , as\u00ed como facilitar informaci\u00f3n a los usuarios y visitantes de la misma\u00a0 en relaci\u00f3n al uso de cookies y los medios de configuraci\u00f3n de sus navegadores. La utilizaci\u00f3n de los servicios ofrecidos por NIOMER VILAMARINA &#8211; CENTRO COMERCIAL VILAMARINA, [&hellip;]<\/p>","protected":false},"author":4,"featured_media":0,"parent":0,"menu_order":0,"comment_status":"closed","ping_status":"closed","template":"","meta":{"_et_pb_use_builder":"on","_et_pb_old_content":"","_et_gb_content_width":"","footnotes":""},"class_list":["post-1291","page","type-page","status-publish","hentry"],"_links":{"self":[{"href":"https:\/\/ccvilamarina.es\/en\/wp-json\/wp\/v2\/pages\/1291","targetHints":{"allow":["GET"]}}],"collection":[{"href":"https:\/\/ccvilamarina.es\/en\/wp-json\/wp\/v2\/pages"}],"about":[{"href":"https:\/\/ccvilamarina.es\/en\/wp-json\/wp\/v2\/types\/page"}],"author":[{"embeddable":true,"href":"https:\/\/ccvilamarina.es\/en\/wp-json\/wp\/v2\/users\/4"}],"replies":[{"embeddable":true,"href":"https:\/\/ccvilamarina.es\/en\/wp-json\/wp\/v2\/comments?post=1291"}],"version-history":[{"count":2,"href":"https:\/\/ccvilamarina.es\/en\/wp-json\/wp\/v2\/pages\/1291\/revisions"}],"predecessor-version":[{"id":1293,"href":"https:\/\/ccvilamarina.es\/en\/wp-json\/wp\/v2\/pages\/1291\/revisions\/1293"}],"wp:attachment":[{"href":"https:\/\/ccvilamarina.es\/en\/wp-json\/wp\/v2\/media?parent=1291"}],"curies":[{"name":"wp","href":"https:\/\/api.w.org\/{rel}","templated":true}]}}