{"id":3,"date":"2023-07-10T16:15:11","date_gmt":"2023-07-10T16:15:11","guid":{"rendered":"https:\/\/ccvilamarina.es\/?page_id=3"},"modified":"2024-03-06T12:02:41","modified_gmt":"2024-03-06T12:02:41","slug":"politica-de-privacidad","status":"publish","type":"page","link":"https:\/\/ccvilamarina.es\/ca\/politica-de-privacidad\/","title":{"rendered":"Pol\u00edtica de privadesa"},"content":{"rendered":"[et_pb_section fb_built=\u00bb1&#8243; fullwidth=\u00bbon\u00bb _builder_version=\u00bb4.23.1&#8243; _module_preset=\u00bbdefault\u00bb background_image=\u00bbhttps:\/\/ccvilamarina.es\/wp-content\/uploads\/2023\/08\/vilamarina_eletlen.jpg\u00bb custom_margin=\u00bb-100px||||false|false\u00bb custom_margin_tablet=\u00bb-100px||||false|false\u00bb custom_margin_phone=\u00bb-100px||||false|false\u00bb custom_margin_last_edited=\u00bbon|desktop\u00bb global_colors_info=\u00bb{}\u00bb theme_builder_area=\u00bbpost_content\u00bb][et_pb_fullwidth_header title=\u00bbPol\u00edtica de privacidad\u00bb text_orientation=\u00bbcenter\u00bb _builder_version=\u00bb4.23.1&#8243; _module_preset=\u00bbdefault\u00bb title_font=\u00bbMontserrat|800|||||||\u00bb title_font_size=\u00bb55px\u00bb subhead_font=\u00bb|700|||||||\u00bb subhead_text_color=\u00bb#000000&#8243; subhead_font_size=\u00bb25px\u00bb background_enable_color=\u00bboff\u00bb custom_margin=\u00bb||||false|false\u00bb custom_padding=\u00bb200px||200px||true|false\u00bb hover_enabled=\u00bb0&#8243; global_colors_info=\u00bb{}\u00bb theme_builder_area=\u00bbpost_content\u00bb sticky_enabled=\u00bb0&#8243;][\/et_pb_fullwidth_header][\/et_pb_section][et_pb_section fb_built=\u00bb1&#8243; _builder_version=\u00bb4.16&#8243; _module_preset=\u00bbdefault\u00bb global_colors_info=\u00bb{}\u00bb theme_builder_area=\u00bbpost_content\u00bb][et_pb_row _builder_version=\u00bb4.16&#8243; _module_preset=\u00bbdefault\u00bb global_colors_info=\u00bb{}\u00bb theme_builder_area=\u00bbpost_content\u00bb][et_pb_column type=\u00bb4_4&#8243; _builder_version=\u00bb4.16&#8243; _module_preset=\u00bbdefault\u00bb global_colors_info=\u00bb{}\u00bb theme_builder_area=\u00bbpost_content\u00bb][et_pb_text _builder_version=\u00bb4.23.1&#8243; _module_preset=\u00bb60227670-5756-4f1a-9431-98fc3527d93e\u00bb text_font=\u00bbMontserrat||||||||\u00bb header_font=\u00bb||||||||\u00bb header_2_font=\u00bbMontserrat||||||||\u00bb header_2_text_color=\u00bb#044D7F\u00bb header_2_font_size=\u00bb34px\u00bb header_2_line_height=\u00bb1.7em\u00bb header_4_font=\u00bbMontserrat|600|||||||\u00bb header_4_text_color=\u00bb#044D7F\u00bb header_4_font_size=\u00bb24px\u00bb text_orientation=\u00bbjustified\u00bb hover_enabled=\u00bb0&#8243; header_2_font_size_tablet=\u00bb34px\u00bb header_2_font_size_phone=\u00bb30px\u00bb header_2_font_size_last_edited=\u00bbon|phone\u00bb global_colors_info=\u00bb{}\u00bb theme_builder_area=\u00bbpost_content\u00bb sticky_enabled=\u00bb0&#8243;]<p><strong>OASISVENTURES PROPERTY HOLDING, SLU.<\/strong>\u00a0en compliment de la Llei 34\/2002, d&#039;11 de juliol, de Serveis de la Societat de la Informaci\u00f3 i de Comer\u00e7 Electr\u00f2nic, us informa:<br \/>\u2013 La seva denominaci\u00f3 social \u00e9s <strong>OASISVENTURES PROPERTY HOLDING, SLU.<\/strong>\u00a0<br \/>\u2013 El seu NIF \u00e9s B16865313<br \/>\u2013 El seu domicili se situa a Avinguda Federico Soto, 13-2a Planta 03003 Alacant<br \/>\u2013 El vostre tel\u00e8fon de contacte \u00e9s 93 647 68 80<br \/>- Est\u00e0 inscrita al Registre Mercantil d&#039;Alacant, atorgada davant el Notari de Madrid Sr. Pedro Armas Omedes, el dia 18 d&#039;agost de 2023, amb el n\u00famero 1.182 del seu protocol.<br \/>\u2013 I disposa de la seg\u00fcent adre\u00e7a de correu electr\u00f2nic de contacte vilamarina.clientes@ccvilamarina.com<\/p>\n<h4><strong>PROTECCI\u00d3 DE DADES PERSONALS<\/strong><\/h4>\n<p>Les dades personals vinculades a aquesta web respecten les exig\u00e8ncies del Reglament (UE) 2016\/679 del Parlament Europeu i del Consell de 27 d&#039;abril del 2016 relatiu a la protecci\u00f3 de les persones f\u00edsiques pel que fa al tractament de dades personals ia la lliure circulaci\u00f3 d&#039;aquestes dades i la resta de legislaci\u00f3 i normativa vigent en mat\u00e8ria de protecci\u00f3 de dades.<\/p>\n<h4><strong>Qui \u00e9s el Responsable del tractament?<\/strong><\/h4>\n<p>OASISVENTURES PROPERTY HOLDING, SLU.<br \/>CIF: B16865313<br \/>Adre\u00e7a: Avinguda Federico Soto, 13-2a Planta 03003 Alacant<br \/>Correu electr\u00f2nic: vilamarina.clientes@ccvilamarina.com<\/p>\n<h4><strong>Amb quina finalitat tractem les vostres dades personals?<\/strong><\/h4>\n<p>D&#039;acord amb les diferents seccions de la nostra web, tractem les vostres dades amb les finalitats seg\u00fcents:<br \/>1. Amb la finalitat de gestionar l&#039;enviament de la informaci\u00f3 sol\u00b7licitada a trav\u00e9s de l&#039;apartat de contacte.<br \/>2. Per enviar la informaci\u00f3 sol\u00b7licitada sobre el lloguer de locals i la cessi\u00f3 d&#039;espais.<\/p>\n<h4><strong>Durant quant de temps conservarem les vostres dades personals?<\/strong><\/h4>\n<p>Les seves dades seran conservades el temps necessari per a la correcta prestaci\u00f3 del servei ofert, aix\u00ed com per atendre les responsabilitats que se&#039;n poguessin derivar i de qualsevol altra exig\u00e8ncia legal.<\/p>\n<h4><strong>Quina \u00e9s la legitimaci\u00f3 per al tractament de les vostres dades?<\/strong><\/h4>\n<p>La legitimaci\u00f3 per al tractament dep\u00e8n de cadascuna de les finalitats exposades anteriorment, sent el consentiment, en el cas de la sol\u00b7licitud d&#039;informaci\u00f3 a trav\u00e9s de la secci\u00f3 de contacte, o la relaci\u00f3 precontractual, en el cas de sol\u00b7licitud d&#039;informaci\u00f3 sobre lloguers o cessi\u00f3 d&#039;espai.<\/p>\n<h4><strong>A quins destinataris es comunicaran les vostres dades?<\/strong><\/h4>\n<p>No es faran comunicacions de dades a tercers.<\/p>\n<h4><strong>Es faran transfer\u00e8ncia de dades a tercers pa\u00efsos?<\/strong><\/h4>\n<p>No es produiran transfer\u00e8ncies internacionals de dades.<\/p>\n<h4><strong>Quins s\u00f3n els vostres drets quan ens facilita les vostres dades personals?<\/strong><\/h4>\n<p>\u2013 Acc\u00e9s: dret a obtenir confirmaci\u00f3 sobre si estem tractant dades personals seves o no, \u00e9s a dir, quines s\u00f3n, perqu\u00e8 s&#039;usen, quant de temps es guardaran, l&#039;origen d&#039;aquestes i si s&#039;han comunicat o es comunicaran a un tercer.<br \/>\u2013 Rectificaci\u00f3: dret a sol\u00b7licitar la rectificaci\u00f3 de les dades inexactes ja que es completin les dades personals incompletes.<br \/>\u2013 Supressi\u00f3: dret a sol\u00b7licitar la supressi\u00f3 de les dades de car\u00e0cter personal quan siguin inadequades, excessives o ja no siguin necess\u00e0ries per als fins per als quals van ser recollides, incl\u00f2s el dret a l&#039;oblit.<br \/>\u2013 Oposici\u00f3: dret a oposar-se, en determinades circumst\u00e0ncies, a fer el tractament de les seves dades personals oa sol\u00b7licitar que es cessi en el tractament.<br \/>\u2013 Limitaci\u00f3 del tractament: dret a sol\u00b7licitar, en les circumst\u00e0ncies establertes legalment, que no es tractin les dades m\u00e9s enll\u00e0 de la mera conservaci\u00f3 d&#039;aquestes.<br \/>- Portabilitat: dret a rebre les dades de car\u00e0cter personal en un format estructurat, d\u00fas com\u00fa i lectura mec\u00e0nica, i poder transmetre-les a un altre responsable, sempre que sigui t\u00e8cnicament possible.<\/p>\n<p>&nbsp;<\/p>\n<h4><strong>Tindr\u00e0 la possibilitat de retirar el consentiment?<\/strong><\/h4>\n<p>Tindr\u00e0 la possibilitat i el dret de retirar el seu consentiment per a qualsevol finalitat espec\u00edfica atorgada al seu moment, sense que aix\u00f2 afecti la licitud del tractament basat en el consentiment previ a la seva retirada.<\/p>\n<h4><strong>On podreu exercitar els vostres drets?<\/strong><\/h4>\n<p>L&#039;exercici de drets s&#039;haur\u00e0 d&#039;efectuar per escrit adjuntant fotoc\u00f2pia del document identificatiu, i dirigir-la a l&#039;adre\u00e7a anteriorment esmentada. Aix\u00ed mateix, posem a la vostra disposici\u00f3 models per al vostre exercici, que es poden recollir a les nostres instal\u00b7lacions.<br \/>Per a m\u00e9s informaci\u00f3:\u00a0<a href=\"https:\/\/web.archive.org\/web\/20210420141015\/http:\/www.agpd.es\/\" target=\"_blank\" rel=\"noopener\"><strong>www.agpd.es<\/strong><\/a><br \/>Dret de reclamaci\u00f3 davant de l&#039;Autoritat de Control: En cas que no s&#039;hagin respectat els seus drets pot presentar una reclamaci\u00f3 adre\u00e7ant-se per escrit a l&#039;Ag\u00e8ncia Espanyola de Protecci\u00f3 de Dades situada al carrer Jorge Juan, 6-28001-Madrid o utilitzar la seu electr\u00f2nica:\u00a0<a href=\"https:\/\/web.archive.org\/web\/20210420141015\/https:\/sedeagpd.gob.es\/sede-electronica-web\/\" target=\"_blank\" rel=\"noopener\"><strong>https:\/\/sedeagpd.gob.es<\/strong><\/a><br \/>En ambd\u00f3s casos, caldr\u00e0 acompanyar la documentaci\u00f3 pertinent.<\/p>[\/et_pb_text][\/et_pb_column][\/et_pb_row][\/et_pb_section]","protected":false},"excerpt":{"rendered":"<p>OASISVENTURES PROPERTY HOLDING, S.L.U.\u00a0en cumplimiento de la Ley 34\/2002, de 11 de julio, de Servicios de la Sociedad de la Informaci\u00f3n y de Comercio Electr\u00f3nico, le informa:\u2013 Su denominaci\u00f3n social es OASISVENTURES PROPERTY HOLDING, S.L.U.\u00a0\u2013 Su NIF es B16865313\u2013 Su domicilio se ubica en Avenida Federico Soto, 13-2\u00aa Planta 03003 Alicante\u2013 Su tel\u00e9fono de contacto [&hellip;]<\/p>","protected":false},"author":1,"featured_media":0,"parent":0,"menu_order":0,"comment_status":"closed","ping_status":"open","template":"","meta":{"_et_pb_use_builder":"on","_et_pb_old_content":"<!-- wp:heading --><h2>Who we are<\/h2><!-- \/wp:heading --><!-- wp:paragraph --><p><strong class=\"privacy-policy-tutorial\">Suggested text: <\/strong>Our website address is: https:\/\/ccvilamarina.es.<\/p><!-- \/wp:paragraph --><!-- wp:heading --><h2>Comments<\/h2><!-- \/wp:heading --><!-- wp:paragraph --><p><strong class=\"privacy-policy-tutorial\">Suggested text: <\/strong>When visitors leave comments on the site we collect the data shown in the comments form, and also the visitor&#8217;s IP address and browser user agent string to help spam detection.<\/p><!-- \/wp:paragraph --><!-- wp:paragraph --><p>An anonymized string created from your email address (also called a hash) may be provided to the Gravatar service to see if you are using it. The Gravatar service privacy policy is available here: https:\/\/automattic.com\/privacy\/. After approval of your comment, your profile picture is visible to the public in the context of your comment.<\/p><!-- \/wp:paragraph --><!-- wp:heading --><h2>Media<\/h2><!-- \/wp:heading --><!-- wp:paragraph --><p><strong class=\"privacy-policy-tutorial\">Suggested text: <\/strong>If you upload images to the website, you should avoid uploading images with embedded location data (EXIF GPS) included. Visitors to the website can download and extract any location data from images on the website.<\/p><!-- \/wp:paragraph --><!-- wp:heading --><h2>Cookies<\/h2><!-- \/wp:heading --><!-- wp:paragraph --><p><strong class=\"privacy-policy-tutorial\">Suggested text: <\/strong>If you leave a comment on our site you may opt-in to saving your name, email address and website in cookies. These are for your convenience so that you do not have to fill in your details again when you leave another comment. These cookies will last for one year.<\/p><!-- \/wp:paragraph --><!-- wp:paragraph --><p>If you visit our login page, we will set a temporary cookie to determine if your browser accepts cookies. This cookie contains no personal data and is discarded when you close your browser.<\/p><!-- \/wp:paragraph --><!-- wp:paragraph --><p>When you log in, we will also set up several cookies to save your login information and your screen display choices. Login cookies last for two days, and screen options cookies last for a year. If you select &quot;Remember Me&quot;, your login will persist for two weeks. If you log out of your account, the login cookies will be removed.<\/p><!-- \/wp:paragraph --><!-- wp:paragraph --><p>If you edit or publish an article, an additional cookie will be saved in your browser. This cookie includes no personal data and simply indicates the post ID of the article you just edited. It expires after 1 day.<\/p><!-- \/wp:paragraph --><!-- wp:heading --><h2>Embedded content from other websites<\/h2><!-- \/wp:heading --><!-- wp:paragraph --><p><strong class=\"privacy-policy-tutorial\">Suggested text: <\/strong>Articles on this site may include embedded content (e.g. videos, images, articles, etc.). Embedded content from other websites behaves in the exact same way as if the visitor has visited the other website.<\/p><!-- \/wp:paragraph --><!-- wp:paragraph --><p>These websites may collect data about you, use cookies, embed additional third-party tracking, and monitor your interaction with that embedded content, including tracking your interaction with the embedded content if you have an account and are logged in to that website.<\/p><!-- \/wp:paragraph --><!-- wp:heading --><h2>Who we share your data with<\/h2><!-- \/wp:heading --><!-- wp:paragraph --><p><strong class=\"privacy-policy-tutorial\">Suggested text: <\/strong>If you request a password reset, your IP address will be included in the reset email.<\/p><!-- \/wp:paragraph --><!-- wp:heading --><h2>How long we retain your data<\/h2><!-- \/wp:heading --><!-- wp:paragraph --><p><strong class=\"privacy-policy-tutorial\">Suggested text: <\/strong>If you leave a comment, the comment and its metadata are retained indefinitely. This is so we can recognize and approve any follow-up comments automatically instead of holding them in a moderation queue.<\/p><!-- \/wp:paragraph --><!-- wp:paragraph --><p>For users that register on our website (if any), we also store the personal information they provide in their user profile. All users can see, edit, or delete their personal information at any time (except they cannot change their username). Website administrators can also see and edit that information.<\/p><!-- \/wp:paragraph --><!-- wp:heading --><h2>What rights you have over your data<\/h2><!-- \/wp:heading --><!-- wp:paragraph --><p><strong class=\"privacy-policy-tutorial\">Suggested text: <\/strong>If you have an account on this site, or have left comments, you can request to receive an exported file of the personal data we hold about you, including any data you have provided to us. You can also request that we erase any personal data we hold about you. This does not include any data we are obliged to keep for administrative, legal, or security purposes.<\/p><!-- \/wp:paragraph --><!-- wp:heading --><h2>Where your data is sent<\/h2><!-- \/wp:heading --><!-- wp:paragraph --><p><strong class=\"privacy-policy-tutorial\">Suggested text: <\/strong>Visitor comments may be checked through an automated spam detection service.<\/p><!-- \/wp:paragraph -->","_et_gb_content_width":"","footnotes":""},"class_list":["post-3","page","type-page","status-publish","hentry"],"_links":{"self":[{"href":"https:\/\/ccvilamarina.es\/ca\/wp-json\/wp\/v2\/pages\/3","targetHints":{"allow":["GET"]}}],"collection":[{"href":"https:\/\/ccvilamarina.es\/ca\/wp-json\/wp\/v2\/pages"}],"about":[{"href":"https:\/\/ccvilamarina.es\/ca\/wp-json\/wp\/v2\/types\/page"}],"author":[{"embeddable":true,"href":"https:\/\/ccvilamarina.es\/ca\/wp-json\/wp\/v2\/users\/1"}],"replies":[{"embeddable":true,"href":"https:\/\/ccvilamarina.es\/ca\/wp-json\/wp\/v2\/comments?post=3"}],"version-history":[{"count":3,"href":"https:\/\/ccvilamarina.es\/ca\/wp-json\/wp\/v2\/pages\/3\/revisions"}],"predecessor-version":[{"id":855,"href":"https:\/\/ccvilamarina.es\/ca\/wp-json\/wp\/v2\/pages\/3\/revisions\/855"}],"wp:attachment":[{"href":"https:\/\/ccvilamarina.es\/ca\/wp-json\/wp\/v2\/media?parent=3"}],"curies":[{"name":"wp","href":"https:\/\/api.w.org\/{rel}","templated":true}]}}