{"id":1297,"date":"2025-11-13T09:25:02","date_gmt":"2025-11-13T09:25:02","guid":{"rendered":"https:\/\/ccvilamarina.es\/?page_id=1297"},"modified":"2025-11-13T09:28:38","modified_gmt":"2025-11-13T09:28:38","slug":"politica-de-cookies-eng","status":"publish","type":"page","link":"https:\/\/ccvilamarina.es\/ca\/politica-de-cookies-eng\/","title":{"rendered":"POLITICA DE COOKIES ENG"},"content":{"rendered":"[et_pb_section fb_built=\u00bb1&#8243; fullwidth=\u00bbon\u00bb _builder_version=\u00bb4.23.1&#8243; _module_preset=\u00bbdefault\u00bb background_image=\u00bbhttps:\/\/ccvilamarina.es\/wp-content\/uploads\/2023\/08\/vilamarina_eletlen.jpg\u00bb custom_margin=\u00bb-100px||||false|false\u00bb custom_margin_tablet=\u00bb-100px||||false|false\u00bb custom_margin_phone=\u00bb-100px||||false|false\u00bb custom_margin_last_edited=\u00bbon|desktop\u00bb global_colors_info=\u00bb{}\u00bb theme_builder_area=\u00bbpost_content\u00bb][et_pb_fullwidth_header title=\u00bbPOL\u00cdTICA DE COOKIES\u00bb text_orientation=\u00bbcenter\u00bb _builder_version=\u00bb4.23.1&#8243; _module_preset=\u00bbdefault\u00bb title_font=\u00bbMontserrat|800|||||||\u00bb title_font_size=\u00bb55px\u00bb subhead_font=\u00bb|700|||||||\u00bb subhead_text_color=\u00bb#000000&#8243; subhead_font_size=\u00bb25px\u00bb background_enable_color=\u00bboff\u00bb custom_margin=\u00bb||||false|false\u00bb custom_padding=\u00bb200px||200px||true|false\u00bb global_colors_info=\u00bb{}\u00bb theme_builder_area=\u00bbpost_content\u00bb][\/et_pb_fullwidth_header][\/et_pb_section][et_pb_section fb_built=\u00bb1&#8243; _builder_version=\u00bb4.16&#8243; _module_preset=\u00bbdefault\u00bb global_colors_info=\u00bb{}\u00bb theme_builder_area=\u00bbpost_content\u00bb][et_pb_row _builder_version=\u00bb4.27.4&#8243; _module_preset=\u00bbdefault\u00bb width=\u00bb90%\u00bb max_width=\u00bb90%\u00bb global_colors_info=\u00bb{}\u00bb theme_builder_area=\u00bbpost_content\u00bb][et_pb_column type=\u00bb4_4&#8243; _builder_version=\u00bb4.16&#8243; _module_preset=\u00bbdefault\u00bb global_colors_info=\u00bb{}\u00bb theme_builder_area=\u00bbpost_content\u00bb][et_pb_image src=\u00bbhttps:\/\/ccvilamarina.es\/wp-content\/uploads\/2025\/11\/united-kingdom-flag-icon-e1762792109483.webp\u00bb title_text=\u00bbunited-kingdom-flag-icon\u00bb align=\u00bbcenter\u00bb _builder_version=\u00bb4.27.4&#8243; _module_preset=\u00bbdefault\u00bb height=\u00bb191px\u00bb global_colors_info=\u00bb{}\u00bb theme_builder_area=\u00bbpost_content\u00bb][\/et_pb_image][et_pb_text _builder_version=\u00bb4.27.4&#8243; _module_preset=\u00bb60227670-5756-4f1a-9431-98fc3527d93e\u00bb text_font=\u00bbMontserrat||||||||\u00bb header_font=\u00bb||||||||\u00bb header_2_font=\u00bbMontserrat||||||||\u00bb header_2_text_color=\u00bb#044D7F\u00bb header_2_font_size=\u00bb34px\u00bb header_2_line_height=\u00bb1.7em\u00bb header_4_font=\u00bbMontserrat|600|||||||\u00bb header_4_text_color=\u00bb#044D7F\u00bb header_4_font_size=\u00bb24px\u00bb text_orientation=\u00bbjustified\u00bb header_2_font_size_tablet=\u00bb34px\u00bb header_2_font_size_phone=\u00bb30px\u00bb header_2_font_size_last_edited=\u00bbon|phone\u00bb global_colors_info=\u00bb{}\u00bb theme_builder_area=\u00bbpost_content\u00bb]<p>L'objectiu d'aquesta pol\u00edtica \u00e9s establir com s'utilitzen les galetes al lloc web, aix\u00ed com proporcionar informaci\u00f3 als usuaris i visitants del lloc web sobre l'\u00fas de les galetes i com configurar els seus navegadors.<\/p>\n<p>L'\u00fas dels serveis proporcionats per <strong>NIOMER VILAMARINA \u2013 CENTRE COMERCIAL VILAMARINA<\/strong>, implicar\u00e0 l'acceptaci\u00f3 plena i sense reserves d'aquesta pol\u00edtica de galetes.<\/p>\n<p>NIOMER VILAMARINA \u2013 VILAMARINA SHOPPING VILAMARINA pot recollir informaci\u00f3 mitjan\u00e7ant fitxers com ara galetes o fitxers de registre sobre l'activitat de navegaci\u00f3 dels usuaris al lloc web. Aquestes eines estan vinculades exclusivament a un sol usuari i al seu propi dispositiu.<\/p>\n<p><strong>\u00a0<\/strong><\/p>\n<p><strong>1. Qu\u00e8 \u00e9s una galeta?<\/strong><\/p>\n<p>Les galetes s\u00f3n petits fitxers de dades que es descarreguen al dispositiu de l'usuari quan visita un lloc web.<\/p>\n<p>Les galetes s\u00f3n una eina que utilitzen els servidors web per emmagatzemar i recuperar informaci\u00f3 sobre els seus usuaris. S\u00f3n fitxers de text que alguns servidors demanen al vostre navegador que deseu al disc dur, que contenen informaci\u00f3 sobre la vostra activitat al lloc web. Tenen una data d'expiraci\u00f3, que pot anar des de la durada de la sessi\u00f3 fins a una data futura especificada, despr\u00e9s de la qual ja no s\u00f3n actives.<\/p>\n<p>Les galetes s\u00f3n essencials perqu\u00e8 Internet funcioni correctament; no poden fer mal al teu ordinador o dispositiu i, si estan habilitades a la configuraci\u00f3 del teu navegador, ens ajuden a identificar i resoldre qualsevol problema t\u00e8cnic.<\/p>\n<p>&nbsp;<\/p>\n<p><strong>2. Tipus de galetes.<\/strong><\/p>\n<p>Les galetes es classifiquen de diverses maneres: segons qui les utilitza, segons la seva finalitat i segons quant de temps romanen actives.<\/p>\n<p>&nbsp;<\/p>\n<ol>\n<li><strong> <\/strong><strong>Segons qui els posseeixi, <\/strong>estan classificats de la manera seg\u00fcent:<\/li>\n<\/ol>\n<ul>\n<li><strong>Cookies de primera part: <\/strong>Aquells que enviem al vostre ordinador o dispositiu des del nostre lloc web.<\/li>\n<li><strong>Cookies de tercers:<\/strong> Aquells enviats al teu ordinador o dispositiu des d'un domini o lloc web que no est\u00e0 gestionat per nosaltres, sin\u00f3 per una altra entitat que processa les dades recollides mitjan\u00e7ant les galetes.<\/li>\n<\/ul>\n<ol>\n<li><strong> <\/strong><strong>Per disseny, <\/strong>estan classificats de la manera seg\u00fcent:<\/li>\n<\/ol>\n<ul>\n<li><strong>Cookies funcionals: <\/strong>Aquestes s\u00f3n les caracter\u00edstiques que permeten als usuaris navegar per un lloc web i fer \u00fas de les diverses opcions o serveis disponibles en ell.<\/li>\n<li><strong>Galetes personalitzades<\/strong>Aix\u00f2 permet a l'usuari accedir al servei amb certes caracter\u00edstiques generals predefinides basades en una s\u00e8rie de criteris relacionats amb el dispositiu de l'usuari, com ara l'idioma, el tipus de navegador utilitzat per accedir al servei, la configuraci\u00f3 regional de la ubicaci\u00f3 des d'on s'accedeix al servei, etc.<\/li>\n<li><strong>Cookies d'an\u00e0lisi: <\/strong>S\u00f3n galetes que, processades per nosaltres o per tercers, ens permeten comptar el nombre d'usuaris i dur a terme mesuraments i an\u00e0lisis estad\u00edstiques de com interactuen els usuaris amb el nostre lloc web. Per fer-ho, analitzem l'activitat de navegaci\u00f3 al nostre lloc web amb la finalitat de millorar l'oferta de productes i serveis que oferim.<\/li>\n<li><strong>Cookies de publicitat conductual: <\/strong>S\u00f3n galetes que emmagatzemen informaci\u00f3 sobre el comportament dels usuaris, obtinguda mitjan\u00e7ant el seguiment continu dels seus h\u00e0bits de navegaci\u00f3, la qual cosa permet crear un perfil espec\u00edfic per mostrar publicitat segmentada.<\/li>\n<\/ul>\n<p>&nbsp;<\/p>\n<ol>\n<li><strong> <\/strong><strong>Per defecte, <\/strong>estan classificats de la seg\u00fcent manera<\/li>\n<\/ol>\n<ul>\n<li><strong>Cookies de sessi\u00f3: <\/strong>Estan dissenyats per recollir i emmagatzemar dades mentre l'usuari navega per una p\u00e0gina web. S'eliminen quan l'usuari inicia la sessi\u00f3.<\/li>\n<li><strong>Cookies persistents: <\/strong>S\u00f3n galetes en qu\u00e8 les dades s'emmagatzemen encara al dispositiu i a les quals la part responsable de la galeta pot accedir i processar durant un per\u00edode de temps determinat, que pot anar de pocs minuts a diversos anys.<\/li>\n<\/ul>\n<p><strong>3. \u00das de les galetes per <\/strong>NIOMER VILAMARINA \u2013 CENTRE COMERCIAL VILAMARINA<strong>.<\/strong><\/p>\n<p>NIOMER VILAMARINA \u2013 CENTRE COMERCIAL VILAMARINA utilitza galetes funcionals al seu lloc web, que s\u00f3n necess\u00e0ries per mostrar el lloc web correctament i garantir-ne el funcionament adequat, i galetes anal\u00edtiques, que s'utilitzen per analitzar el comportament de l'usuari de manera agregada i an\u00f2nima, incloent-hi el nombre de visitants del lloc web i de les diferents p\u00e0gines internes, l'origen de la visita, la data i l'hora, la plataforma utilitzada i els termes de cerca introdu\u00efts per un usuari per trobar el contingut desitjat.<\/p>\n<p>Les finalitats per a les quals fem servir les galetes s\u00f3n les seg\u00fcents:<\/p>\n<ul>\n<li>Personalitzar l'experi\u00e8ncia de navegaci\u00f3 de l'usuari, detectar l'idioma de l'usuari i equilibrar la c\u00e0rrega del lloc web.<\/li>\n<li>Per permetre'ns millorar el lloc web i entendre quin contingut o disseny \u00e9s m\u00e9s rellevant per a l'usuari<\/li>\n<\/ul>\n<p>NIOMER VILAMARINA \u2013 CENTRE COMERCIAL VILAMARINA no pot llegir les galetes emmagatzemades al disc dur de l'ordinador o dispositiu de l'usuari des de servidors web diferents dels seus.<\/p>\n<p>A la taula seg\u00fcent, podeu trobar detalls de les galetes utilitzades en aquest lloc web, la seva finalitat, si s\u00f3n galetes pr\u00f2pies o de tercers, i la seva durada.<\/p>\n<p>&nbsp;<\/p>\n<table width=\"1033\">\n<tbody>\n<tr data-start=\"87\" data-end=\"143\">\n<td width=\"97\">Nom de la galeta<\/td>\n<td width=\"176\">Domini<\/td>\n<td width=\"321\">Descripci\u00f3<\/td>\n<td width=\"248\">Durada<\/td>\n<td width=\"191\">Tipus<\/td>\n<\/tr>\n<tr>\n<td width=\"97\">_gcl_au<\/td>\n<td width=\"176\" data-col-size=\"sm\" data-start=\"214\" data-end=\"232\">ccvilamarina.es<\/td>\n<td width=\"321\" data-col-size=\"xl\" data-start=\"232\" data-end=\"343\">Google Tag Manager estableix aquesta galeta per provar l'efic\u00e0cia dels anuncis als llocs web que utilitzen els seus serveis.<\/td>\n<td width=\"248\" data-col-size=\"sm\" data-start=\"343\" data-end=\"354\">3 mesos<\/td>\n<td width=\"191\" data-col-size=\"sm\" data-start=\"354\" data-end=\"371\">Publicitat<\/td>\n<\/tr>\n<tr data-start=\"372\" data-end=\"502\">\n<td width=\"97\" data-start=\"372\" data-end=\"380\" data-col-size=\"sm\">ga*<\/td>\n<td width=\"176\" data-col-size=\"sm\" data-start=\"380\" data-end=\"398\">ccvilamarina.es<\/td>\n<td width=\"321\" data-col-size=\"xl\" data-start=\"398\" data-end=\"465\">Google Analytics estableix aquesta galeta per emmagatzemar i comptar les visualitzacions de p\u00e0gina.<\/td>\n<td width=\"248\" data-col-size=\"sm\" data-start=\"465\" data-end=\"489\">1 any, 1 mes i 4 dies<\/td>\n<td width=\"191\" data-col-size=\"sm\" data-start=\"489\" data-end=\"502\">An\u00e0lisi<\/td>\n<\/tr>\n<tr data-start=\"503\" data-end=\"839\">\n<td width=\"97\" data-start=\"503\" data-end=\"509\" data-col-size=\"sm\">_ga<\/td>\n<td width=\"176\" data-col-size=\"sm\" data-start=\"509\" data-end=\"527\">ccvilamarina.es<\/td>\n<td width=\"321\" data-col-size=\"xl\" data-start=\"527\" data-end=\"802\">La galeta _ga, instal\u00b7lada per Google Analytics, recull dades de visitants, sessions i campanyes i tamb\u00e9 fa un seguiment de l'\u00fas del lloc per al seu informe d'an\u00e0lisi. La galeta emmagatzema informaci\u00f3 de manera an\u00f2nima i assigna un n\u00famero generat aleat\u00f2riament per identificar visitants \u00fanics.<\/td>\n<td width=\"248\" data-col-size=\"sm\" data-start=\"802\" data-end=\"826\">1 any, 1 mes i 4 dies<\/td>\n<td width=\"191\" data-col-size=\"sm\" data-start=\"826\" data-end=\"839\">An\u00e0lisi<\/td>\n<\/tr>\n<tr data-start=\"840\" data-end=\"970\">\n<td width=\"97\" data-start=\"840\" data-end=\"848\" data-col-size=\"sm\">ga*<\/td>\n<td width=\"176\" data-col-size=\"sm\" data-start=\"848\" data-end=\"866\">ccvilamarina.es<\/td>\n<td width=\"321\" data-col-size=\"xl\" data-start=\"866\" data-end=\"933\">Google Analytics estableix aquesta galeta per emmagatzemar i comptar les visualitzacions de p\u00e0gina.<\/td>\n<td width=\"248\" data-col-size=\"sm\" data-start=\"933\" data-end=\"957\">1 any, 1 mes i 4 dies<\/td>\n<td width=\"191\" data-col-size=\"sm\" data-start=\"957\" data-end=\"970\">An\u00e0lisi<\/td>\n<\/tr>\n<tr data-start=\"971\" data-end=\"1142\">\n<td width=\"97\" data-start=\"971\" data-end=\"985\" data-col-size=\"sm\">galeta_de_prova<\/td>\n<td width=\"176\" data-col-size=\"sm\" data-start=\"985\" data-end=\"1003\">dobleclic.net<\/td>\n<td width=\"321\" data-col-size=\"xl\" data-start=\"1003\" data-end=\"1112\">El test_cookie est\u00e0 establert per doubleclick.net i s'utilitza per determinar si el navegador de l'usuari admet galetes.<\/td>\n<td width=\"248\" data-col-size=\"sm\" data-start=\"1112\" data-end=\"1125\">15 minuts<\/td>\n<td width=\"191\" data-col-size=\"sm\" data-start=\"1125\" data-end=\"1142\">Publicitat<\/td>\n<\/tr>\n<tr data-start=\"1143\" data-end=\"1192\">\n<td width=\"97\" data-start=\"1143\" data-end=\"1153\" data-col-size=\"sm\">_gcl_ls<\/td>\n<td width=\"176\" data-col-size=\"sm\" data-start=\"1153\" data-end=\"1171\">ccvilamarina.es<\/td>\n<td width=\"321\" data-col-size=\"xl\" data-start=\"1171\" data-end=\"1175\">\u2013<\/td>\n<td width=\"248\" data-col-size=\"sm\" data-start=\"1175\" data-end=\"1183\">mai<\/td>\n<td width=\"191\" data-col-size=\"sm\" data-start=\"1183\" data-end=\"1192\">Altres<\/td>\n<\/tr>\n<\/tbody>\n<\/table>\n<p>&nbsp;<\/p>\n<p><strong>4. \u00das de les galetes de Google Analytics.<\/strong><\/p>\n<p>El lloc web utilitza galetes d'anal\u00edtica de Google Analytics (1600 Amphitheatre Parkway, Mountain View, Calif\u00f2rnia, CA 94043, Estats Units). Aquestes galetes no recullen informaci\u00f3 personal que identifiqui un visitant. Tota la informaci\u00f3 recollida per aquestes galetes \u00e9s agregada i, per tant, an\u00f2nima. S'utilitza \u00fanicament per millorar el rendiment del lloc web.<\/p>\n<p>&nbsp;<\/p>\n<p>Podeu trobar m\u00e9s informaci\u00f3 sobre les galetes de Google Analytics a:<\/p>\n<ul>\n<li><span><a href=\"https:\/\/policies.google.com\/technologies\/cookies?hl=es\" target=\"_blank\" rel=\"noopener\">https:\/\/policies.google.com\/technologies\/cookies?hl=es<\/a><\/span><\/li>\n<\/ul>\n<p>&nbsp;<\/p>\n<p>Podeu impedir l'\u00fas de Google Analytics en relaci\u00f3 amb el vostre \u00fas del lloc web descarregant i instal\u00b7lant el complement de navegador disponible a trav\u00e9s d'aquest enlla\u00e7:<\/p>\n<p><span><a href=\"https:\/\/tools.google.com\/dlpage\/gaoptout?hl=es\" target=\"_blank\" rel=\"noopener\">https:\/\/tools.google.com\/dlpage\/gaoptout?hl=es<\/a><\/span><\/p>\n<p>&nbsp;<\/p>\n<p>&nbsp;<\/p>\n<p>&nbsp;<\/p>\n<p><strong>5. Configuraci\u00f3 de les galetes.<\/strong><\/p>\n<p>Els usuaris poden bloquejar les galetes mitjan\u00e7ant la configuraci\u00f3 del seu navegador, o poden configurar el navegador perqu\u00e8 els avisi quan un servidor intenti emmagatzemar una galeta. Si utilitzeu Microsoft Internet Explorer, trobareu aquesta opci\u00f3 a Eines &gt; Opcions d'Internet &gt; Privacitat &gt; Configuraci\u00f3.<\/p>\n<p>Per a m\u00e9s informaci\u00f3, visiteu <a href=\"http:\/\/windows.microsoft.com\/es-es\/\" target=\"_blank\" rel=\"noopener\"><span>https:\/\/windows.microsoft.com\/es-es\/<\/span><\/a><\/p>\n<ul>\n<li>Si utilitzeu Firefox, trobareu l'opci\u00f3 a Eines &gt; Opcions &gt; Privacitat &gt; Galetes.<\/li>\n<\/ul>\n<p>Per a m\u00e9s informaci\u00f3, visiteu <a href=\"https:\/\/support.mozilla.org\/es\/kb\/Borrar%20cookies\" target=\"_blank\" rel=\"noopener\">https:\/\/support.mozilla.org\/es\/kb\/Borrar%20cookies<\/a><\/p>\n<ul>\n<li>Si utilitzeu Chrome, aneu a Opcions &gt; Avan\u00e7at &gt; Privadesa.<\/li>\n<\/ul>\n<p>Per a m\u00e9s informaci\u00f3, visiteu <a href=\"https:\/\/support.google.com\/accounts\/answer\/61416?hl=es\" target=\"_blank\" rel=\"noopener\"><span>https:\/\/support.google.com\/accounts\/answer\/61416?hl=es<\/span><\/a><\/p>\n<ul>\n<li>Si utilitzeu Opera, podeu configurar el navegador a la secci\u00f3 'Seguretat i privacitat'.<\/li>\n<\/ul>\n<p>Per a m\u00e9s informaci\u00f3, visiteu <a href=\"http:\/\/help.opera.com\/Windows\/11.50\/es-ES\/cookies.html\" target=\"_blank\" rel=\"noopener\"><span>https:\/\/help.opera.com\/Windows\/11.50\/es-ES\/cookies.html<\/span><\/a><\/p>\n<ul>\n<li>Si utilitzeu Safari, trobareu l'opci\u00f3 al men\u00fa Prefer\u00e8ncies\/Privacitat.<\/li>\n<\/ul>\n<p>Per a m\u00e9s informaci\u00f3, visiteu: <a href=\"https:\/\/support.apple.com\/kb\/HT1677?viewlocale=es_ES\" target=\"_blank\" rel=\"noopener\">https:\/\/support.apple.com\/kb\/HT1677?viewlocale=es_ES<\/a><\/p>\n<p>&nbsp;<\/p>\n<p>&nbsp;<\/p>\n<p>Des del b\u00e0ner de galetes que apareix quan visiteu el lloc web, podeu exercir el vostre dret a bloquejar, eliminar i rebutjar l'\u00fas de galetes.<\/p>\n<p>&nbsp;<\/p>\n<p>Podeu accedir al nostre panell de configuraci\u00f3 de galetes fent clic a la configuraci\u00f3 del consentiment de galetes a la cantonada inferior del lloc web i retirar el vostre consentiment.<\/p>[\/et_pb_text][\/et_pb_column][\/et_pb_row][\/et_pb_section]","protected":false},"excerpt":{"rendered":"<p>The purpose of this policy is to define the use of cookies on the website, as well as to provide information to users and visitors of the website in relation to the use of cookies and the means of configuring their browsers. The use of the services offered by NIOMER VILAMARINA &#8211; VILAMARINA SHOPPING CENTRE, [&hellip;]<\/p>","protected":false},"author":4,"featured_media":0,"parent":0,"menu_order":0,"comment_status":"closed","ping_status":"closed","template":"","meta":{"_et_pb_use_builder":"on","_et_pb_old_content":"","_et_gb_content_width":"","footnotes":""},"class_list":["post-1297","page","type-page","status-publish","hentry"],"_links":{"self":[{"href":"https:\/\/ccvilamarina.es\/ca\/wp-json\/wp\/v2\/pages\/1297","targetHints":{"allow":["GET"]}}],"collection":[{"href":"https:\/\/ccvilamarina.es\/ca\/wp-json\/wp\/v2\/pages"}],"about":[{"href":"https:\/\/ccvilamarina.es\/ca\/wp-json\/wp\/v2\/types\/page"}],"author":[{"embeddable":true,"href":"https:\/\/ccvilamarina.es\/ca\/wp-json\/wp\/v2\/users\/4"}],"replies":[{"embeddable":true,"href":"https:\/\/ccvilamarina.es\/ca\/wp-json\/wp\/v2\/comments?post=1297"}],"version-history":[{"count":3,"href":"https:\/\/ccvilamarina.es\/ca\/wp-json\/wp\/v2\/pages\/1297\/revisions"}],"predecessor-version":[{"id":1300,"href":"https:\/\/ccvilamarina.es\/ca\/wp-json\/wp\/v2\/pages\/1297\/revisions\/1300"}],"wp:attachment":[{"href":"https:\/\/ccvilamarina.es\/ca\/wp-json\/wp\/v2\/media?parent=1297"}],"curies":[{"name":"wp","href":"https:\/\/api.w.org\/{rel}","templated":true}]}}