{"id":1294,"date":"2025-11-13T09:07:51","date_gmt":"2025-11-13T09:07:51","guid":{"rendered":"https:\/\/ccvilamarina.es\/?page_id=1294"},"modified":"2025-11-13T09:07:52","modified_gmt":"2025-11-13T09:07:52","slug":"politica-de-cookies-cat","status":"publish","type":"page","link":"https:\/\/ccvilamarina.es\/ca\/politica-de-cookies-cat\/","title":{"rendered":"POLITICA DE COOKIES CAT"},"content":{"rendered":"<p>[et_pb_section fb_built=\u00bb1&#8243; fullwidth=\u00bbon\u00bb _builder_version=\u00bb4.23.1&#8243; _module_preset=\u00bbdefault\u00bb background_image=\u00bbhttps:\/\/ccvilamarina.es\/wp-content\/uploads\/2023\/08\/vilamarina_eletlen.jpg\u00bb custom_margin=\u00bb-100px||||false|false\u00bb custom_margin_tablet=\u00bb-100px||||false|false\u00bb custom_margin_phone=\u00bb-100px||||false|false\u00bb custom_margin_last_edited=\u00bbon|desktop\u00bb global_colors_info=\u00bb{}\u00bb theme_builder_area=\u00bbpost_content\u00bb][et_pb_fullwidth_header title=\u00bbPOL\u00cdTICA DE COOKIES\u00bb text_orientation=\u00bbcenter\u00bb _builder_version=\u00bb4.23.1&#8243; _module_preset=\u00bbdefault\u00bb title_font=\u00bbMontserrat|800|||||||\u00bb title_font_size=\u00bb55px\u00bb subhead_font=\u00bb|700|||||||\u00bb subhead_text_color=\u00bb#000000&#8243; subhead_font_size=\u00bb25px\u00bb background_enable_color=\u00bboff\u00bb custom_margin=\u00bb||||false|false\u00bb custom_padding=\u00bb200px||200px||true|false\u00bb global_colors_info=\u00bb{}\u00bb theme_builder_area=\u00bbpost_content\u00bb][\/et_pb_fullwidth_header][\/et_pb_section][et_pb_section fb_built=\u00bb1&#8243; _builder_version=\u00bb4.16&#8243; _module_preset=\u00bbdefault\u00bb global_colors_info=\u00bb{}\u00bb theme_builder_area=\u00bbpost_content\u00bb][et_pb_row _builder_version=\u00bb4.27.4&#8243; _module_preset=\u00bbdefault\u00bb width=\u00bb90%\u00bb max_width=\u00bb90%\u00bb global_colors_info=\u00bb{}\u00bb theme_builder_area=\u00bbpost_content\u00bb][et_pb_column type=\u00bb4_4&#8243; _builder_version=\u00bb4.16&#8243; _module_preset=\u00bbdefault\u00bb global_colors_info=\u00bb{}\u00bb theme_builder_area=\u00bbpost_content\u00bb][et_pb_image src=\u00bbhttps:\/\/ccvilamarina.es\/wp-content\/uploads\/2025\/11\/catalan_flag-1.png\u00bb title_text=\u00bbcatalan_flag\u00bb align=\u00bbcenter\u00bb _builder_version=\u00bb4.27.4&#8243; _module_preset=\u00bbdefault\u00bb height=\u00bb186px\u00bb global_colors_info=\u00bb{}\u00bb theme_builder_area=\u00bbpost_content\u00bb][\/et_pb_image][et_pb_text _builder_version=\u00bb4.27.4&#8243; _module_preset=\u00bb60227670-5756-4f1a-9431-98fc3527d93e\u00bb text_font=\u00bbMontserrat||||||||\u00bb header_font=\u00bb||||||||\u00bb header_2_font=\u00bbMontserrat||||||||\u00bb header_2_text_color=\u00bb#044D7F\u00bb header_2_font_size=\u00bb34px\u00bb header_2_line_height=\u00bb1.7em\u00bb header_4_font=\u00bbMontserrat|600|||||||\u00bb header_4_text_color=\u00bb#044D7F\u00bb header_4_font_size=\u00bb24px\u00bb text_orientation=\u00bbjustified\u00bb header_2_font_size_tablet=\u00bb34px\u00bb header_2_font_size_phone=\u00bb30px\u00bb header_2_font_size_last_edited=\u00bbon|phone\u00bb global_colors_info=\u00bb{}\u00bb theme_builder_area=\u00bbpost_content\u00bb]<\/p>\n<p>L'objectiu d'aquesta pol\u00edtica \u00e9s establir com s'utilitzen les galetes en aquest lloc web, aix\u00ed com proporcionar informaci\u00f3 als usuaris i visitants sobre l'\u00fas de les galetes i com configurar els seus navegadors.<\/p>\n<p>L'\u00fas dels serveis oferts per [company name] implica l'acceptaci\u00f3 plena i sense reserves d'aquesta pol\u00edtica de galetes.<\/p>\n<p>NIOMER VILAMARINA \u2013 CENTRE COMERCIAL VILAMARINA pot recollir informaci\u00f3 mitjan\u00e7ant fitxers com ara galetes o fitxers de registre sobre l'activitat de navegaci\u00f3 dels usuaris al lloc web. Aquests fitxers estan vinculats exclusivament a un sol usuari i al seu dispositiu espec\u00edfic.<\/p>\n<p><strong>1. Qu\u00e8 \u00e9s una galeta?<\/strong><\/p>\n<p>Les galetes s\u00f3n petits fitxers de text que es descarreguen al dispositiu de l'usuari quan visita un lloc web.<\/p>\n<p>Les \u201ccookies\u201d s\u00f3n una eina que utilitzen els servidors web per emmagatzemar i recuperar informaci\u00f3 sobre els seus usuaris. S\u00f3n fitxers de text que alguns servidors demanen al navegador que desi al vostre disc dur, que contenen informaci\u00f3 sobre la vostra activitat al lloc web. Tenen una data d'expiraci\u00f3, que pot anar des de la durada de la sessi\u00f3 fins a una data futura especificada, despr\u00e9s de la qual deixen de ser operatius.<strong>.<\/strong><\/p>\n<p>Les galetes s\u00f3n essencials perqu\u00e8 Internet funcioni; no poden fer mal al teu ordinador o dispositiu i, si les tens activades a la configuraci\u00f3 del navegador, ens ajuden a identificar i resoldre qualsevol problema t\u00e8cnic.<\/p>\n<p>&nbsp;<\/p>\n<p><strong>2. Tipus de galetes.<\/strong><\/p>\n<p>Les galetes es categoritzen de diverses maneres: segons qui les utilitza, segons la seva finalitat i segons quant de temps romanen actives.<\/p>\n<ol>\n<li><strong> <\/strong><strong>Aix\u00ed que, qui \u00e9s el propietari?, <\/strong>es classifiquen com:<\/li>\n<\/ol>\n<ul>\n<li><strong>Cookies de primera part: <\/strong>Aquells que enviem al vostre ordinador o dispositiu des del nostre lloc web.<\/li>\n<li><strong>Cookies de tercers: <\/strong>Aquells enviats al teu ordinador o dispositiu des d'un domini o lloc web que no est\u00e0 gestionat per nosaltres, sin\u00f3 per una altra entitat que processa les dades obtingudes mitjan\u00e7ant les galetes.<\/li>\n<\/ul>\n<p>&nbsp;<\/p>\n<ol>\n<li><strong> <\/strong><strong>Per a aquest prop\u00f2sit, <\/strong>es classifiquen com:<\/li>\n<\/ol>\n<ul>\n<li><strong>Cookies funcionals: <\/strong>Aquestes s\u00f3n les galetes que permeten als usuaris navegar per un lloc web i utilitzar les diverses opcions o serveis disponibles en aquest.<strong>.<\/strong><\/li>\n<li><strong>Cookies de personalitzaci\u00f3: <\/strong>Aquests s\u00f3n par\u00e0metres que permeten a l'usuari accedir al servei amb determinats par\u00e0metres generals predefinits basats en una s\u00e8rie de criteris relacionats amb el dispositiu de l'usuari, com ara l'idioma, el tipus de navegador utilitzat per accedir al servei, la configuraci\u00f3 regional de la ubicaci\u00f3 des d'on s'accedeix al servei, etc.<\/li>\n<li><strong>Cookies anal\u00edtiques: <\/strong>S\u00f3n galetes que, quan les processem nosaltres o tercers, ens permeten comptar el nombre d'usuaris i dur a terme la mesura i l'an\u00e0lisi estad\u00edstica de com els usuaris interactuen amb el nostre lloc web. Amb aquesta finalitat, analitzem l'activitat de navegaci\u00f3 al nostre lloc web amb l'objectiu de millorar l'oferta de productes i serveis que oferim.<\/li>\n<li><strong>Cookies de publicitat conductual: <\/strong>S\u00f3n galetes que emmagatzemen informaci\u00f3 sobre el comportament dels usuaris, obtinguda mitjan\u00e7ant el seguiment continu dels seus h\u00e0bits de navegaci\u00f3, la qual cosa permet la creaci\u00f3 d'un perfil espec\u00edfic amb la finalitat de mostrar publicitat segmentada.<\/li>\n<\/ul>\n<p>&nbsp;<\/p>\n<ol>\n<li><strong> <\/strong><strong>De cara al futur, <\/strong>es classifiquen com:<\/li>\n<\/ol>\n<ul>\n<li><strong>Cookies de sessi\u00f3: <\/strong>Aquestes s\u00f3n galetes dissenyades per recollir i emmagatzemar dades mentre l'usuari navega per un lloc web. S'eliminen quan l'usuari inicia la sessi\u00f3.<\/li>\n<li><strong>Cookies persistents: <\/strong>S\u00f3n galetes en qu\u00e8 les dades romanen emmagatzemades al dispositiu i a les quals es pot accedir i processar durant un per\u00edode determinat per l'emissor de la galeta, que pot anar de pocs minuts a diversos anys.<\/li>\n<\/ul>\n<p>&nbsp;<\/p>\n<p><strong>3. \u00das de galetes per.<\/strong><\/p>\n<p>NIOMER VILAMARINA \u2013 VILAMARINA SHOPPING CENTRE utilitza galetes funcionals al seu lloc web; aquestes s\u00f3n necess\u00e0ries per mostrar el lloc web correctament i garantir que funcioni correctament, i cookies anal\u00edtiques, que s'utilitzen per analitzar el comportament de l'usuari de manera agregada i an\u00f2nima, incloent-hi el nombre de visitants del lloc web i de diverses p\u00e0gines internes, l'origen de les visites, la data i l'hora, la plataforma o els termes de cerca utilitzats per un usuari per trobar el contingut desitjat.<\/p>\n<p>&nbsp;<\/p>\n<p>Utilitzem galetes per a les finalitats seg\u00fcents:<\/p>\n<ul>\n<li>Personalitzar l'experi\u00e8ncia de navegaci\u00f3 de l'usuari, recon\u00e8ixer el seu idioma i equilibrar la c\u00e0rrega del lloc web.<\/li>\n<li>Per tal de millorar el lloc web i esbrinar quin contingut o disseny \u00e9s m\u00e9s rellevant per als usuaris...<\/li>\n<\/ul>\n<p>&nbsp;<\/p>\n<p>NIOMER VILAMARINA \u2013 CENTRE COMERCIAL VILAMARINA no pot accedir a les galetes emmagatzemades a l'ordinador o dispositiu de l'usuari per servidors web diferents dels seus.<\/p>\n<p>La taula seg\u00fcent enumera les galetes utilitzades en aquest lloc web, el seu prop\u00f2sit, si s\u00f3n galetes pr\u00f2pies o de tercers, i la seva durada.<\/p>\n<table data-start=\"155\" data-end=\"1395\" class=\"w-fit min-w-(--thread-content-width)\">\n<thead data-start=\"155\" data-end=\"214\">\n<tr data-start=\"155\" data-end=\"214\">\n<th data-start=\"155\" data-end=\"174\" data-col-size=\"sm\">Nom de la galeta<\/th>\n<th data-start=\"174\" data-end=\"183\" data-col-size=\"sm\">Dominio<\/th>\n<th data-start=\"183\" data-end=\"196\" data-col-size=\"xl\">Descripci\u00f3<\/th>\n<th data-start=\"196\" data-end=\"205\" data-col-size=\"sm\">Durada<\/th>\n<th data-start=\"205\" data-end=\"214\" data-col-size=\"sm\">Tipus<\/th>\n<\/tr>\n<\/thead>\n<tbody data-start=\"281\" data-end=\"1395\">\n<tr data-start=\"281\" data-end=\"473\">\n<td data-start=\"281\" data-end=\"291\" data-col-size=\"sm\">_gcl_au<\/td>\n<td data-col-size=\"sm\" data-start=\"291\" data-end=\"309\">ccvilamarina.es<\/td>\n<td data-col-size=\"xl\" data-start=\"309\" data-end=\"449\">Google Tag Manager estableix aquesta galeta per provar l'efic\u00e0cia publicit\u00e0ria dels llocs web que utilitzen els seus serveis.<\/td>\n<td data-col-size=\"sm\" data-start=\"449\" data-end=\"459\">3 mesos<\/td>\n<td data-col-size=\"sm\" data-start=\"459\" data-end=\"473\">Publicitat<\/td>\n<\/tr>\n<tr data-start=\"474\" data-end=\"636\">\n<td data-start=\"474\" data-end=\"482\" data-col-size=\"sm\"><em data-start=\"476\" data-end=\"480\">ga<\/em>*<\/td>\n<td data-col-size=\"sm\" data-start=\"482\" data-end=\"500\">ccvilamarina.es<\/td>\n<td data-col-size=\"xl\" data-start=\"500\" data-end=\"602\">Google Analytics estableix aquesta galeta per emmagatzemar i comptar les visualitzacions de p\u00e0gina.<\/td>\n<td data-col-size=\"sm\" data-start=\"602\" data-end=\"623\">1 any, 1 mes i 4 dies<\/td>\n<td data-col-size=\"sm\" data-start=\"623\" data-end=\"636\">An\u00e0lisi<\/td>\n<\/tr>\n<tr data-start=\"637\" data-end=\"1001\">\n<td data-start=\"637\" data-end=\"643\" data-col-size=\"sm\">_ga<\/td>\n<td data-start=\"643\" data-end=\"661\" data-col-size=\"sm\">ccvilamarina.es<\/td>\n<td data-col-size=\"xl\" data-start=\"661\" data-end=\"967\">La galeta _ga, establerta per Google Analytics, fa el seguiment de dades de visitants, sessions i campanyes, i tamb\u00e9 supervisa l'\u00fas del lloc web per a informes anal\u00edtics. La galeta emmagatzema informaci\u00f3 de manera an\u00f2nima i assigna un n\u00famero generat aleat\u00f2riament per identificar visitants \u00fanics.<\/td>\n<td data-col-size=\"sm\" data-start=\"967\" data-end=\"988\">1 any, 1 mes i 4 dies<\/td>\n<td data-col-size=\"sm\" data-start=\"988\" data-end=\"1001\">An\u00e0lisi<\/td>\n<\/tr>\n<tr data-start=\"1002\" data-end=\"1164\">\n<td data-start=\"1002\" data-end=\"1010\" data-col-size=\"sm\"><em data-start=\"1004\" data-end=\"1008\">ga<\/em>*<\/td>\n<td data-col-size=\"sm\" data-start=\"1010\" data-end=\"1028\">ccvilamarina.es<\/td>\n<td data-col-size=\"xl\" data-start=\"1028\" data-end=\"1130\">Google Analytics estableix aquesta galeta per emmagatzemar i comptar les visualitzacions de p\u00e0gina.<\/td>\n<td data-col-size=\"sm\" data-start=\"1130\" data-end=\"1151\">1 any, 1 mes i 4 dies<\/td>\n<td data-col-size=\"sm\" data-start=\"1151\" data-end=\"1164\">An\u00e0lisi<\/td>\n<\/tr>\n<tr data-start=\"1165\" data-end=\"1324\">\n<td data-start=\"1165\" data-end=\"1179\" data-col-size=\"sm\">galeta_de_prova<\/td>\n<td data-col-size=\"sm\" data-start=\"1179\" data-end=\"1197\">dobleclic.net<\/td>\n<td data-col-size=\"xl\" data-start=\"1197\" data-end=\"1298\">doubleclick.net estableix aquesta galeta per determinar si el navegador de l'usuari admet les galetes.<\/td>\n<td data-col-size=\"sm\" data-start=\"1298\" data-end=\"1310\">15 minuts<\/td>\n<td data-col-size=\"sm\" data-start=\"1310\" data-end=\"1324\">Publicitat<\/td>\n<\/tr>\n<tr data-start=\"1325\" data-end=\"1395\">\n<td data-start=\"1325\" data-end=\"1335\" data-col-size=\"sm\">_gcl_ls<\/td>\n<td data-col-size=\"sm\" data-start=\"1335\" data-end=\"1353\">ccvilamarina.es<\/td>\n<td data-col-size=\"xl\" data-start=\"1353\" data-end=\"1357\">\u2013<\/td>\n<td data-col-size=\"sm\" data-start=\"1357\" data-end=\"1385\">sense data d'expiraci\u00f3 (\u201cmai\u201d)<\/td>\n<td data-col-size=\"sm\" data-start=\"1385\" data-end=\"1395\">Altres<\/td>\n<\/tr>\n<\/tbody>\n<\/table>\n<p>&nbsp;<\/p>\n<p><strong>4. \u00das de les galetes de Google Analytics.<\/strong><\/p>\n<p>El lloc web utilitza les galetes d'an\u00e0lisi de Google Analytics (1600 Amphitheatre Parkway, Mountain View, Calif\u00f2rnia, CA 94043, Estats Units). Aquestes galetes no recullen informaci\u00f3 personal que identifiqui un visitant. Tota la informaci\u00f3 recollida per aquestes galetes \u00e9s agregada i, per tant, an\u00f2nima. S'utilitza \u00fanicament per millorar el funcionament del lloc.<\/p>\n<p>Podeu trobar m\u00e9s informaci\u00f3 sobre les galetes de Google Analytics a:<\/p>\n<ul>\n<li><span><a href=\"https:\/\/policies.google.com\/technologies\/cookies?hl=es\" target=\"_blank\" rel=\"noopener\">https:\/\/policies.google.com\/technologies\/cookies?hl=es<\/a><\/span><\/li>\n<\/ul>\n<p>&nbsp;<\/p>\n<p>Per evitar l'\u00fas de Google Analytics en relaci\u00f3 amb el vostre \u00fas d'aquest lloc web, si us plau, descarregueu i instal\u00b7leu el complement del navegador disponible a trav\u00e9s d'aquest enlla\u00e7:<\/p>\n<p>https:\/\/tools.google.com\/dlpage\/gaoptout?hl=es<\/p>\n<p><strong>5. Configuraci\u00f3 de les galetes.<\/strong><\/p>\n<p>Els usuaris poden bloquejar les galetes a trav\u00e9s de la configuraci\u00f3 del seu navegador, o poden configurar el navegador perqu\u00e8 els notifiqui quan un servidor intenti emmagatzemar una galeta.<\/p>\n<ul>\n<li>Si utilitzeu Microsoft Internet Explorer, trobareu aquesta opci\u00f3 a Eines &gt; Opcions d'Internet &gt; Privacitat &gt; Configuraci\u00f3.<\/li>\n<\/ul>\n<p>M\u00e9s informaci\u00f3 a <a href=\"http:\/\/windows.microsoft.com\/es-es\/\" target=\"_blank\" rel=\"noopener\"><span>https:\/\/windows.microsoft.com\/es-es\/<\/span><\/a><\/p>\n<ul>\n<li>Si utilitzes Firefox, trobar\u00e0s l'opci\u00f3 a Eines &gt; Opcions &gt; Privacitat &gt; Galetes.<\/li>\n<\/ul>\n<p>M\u00e9s informaci\u00f3 a <a href=\"https:\/\/support.mozilla.org\/es\/kb\/Borrar%20cookies\" target=\"_blank\" rel=\"noopener\">https:\/\/support.mozilla.org\/es\/kb\/Borrar%20cookies<\/a><\/p>\n<ul>\n<li>Si utilitzes Chrome, ves a Configuraci\u00f3 &gt; Avan\u00e7at &gt; Privadesa.<\/li>\n<\/ul>\n<p>M\u00e9s informaci\u00f3 a <a href=\"https:\/\/support.google.com\/accounts\/answer\/61416?hl=es\" target=\"_blank\" rel=\"noopener\"><span>https:\/\/support.google.com\/accounts\/answer\/61416?hl=es<\/span><\/a><\/p>\n<ul>\n<li>Si utilitzeu Opera, podeu configurar el navegador a la secci\u00f3 Seguretat i privacitat.<\/li>\n<\/ul>\n<p>M\u00e9s informaci\u00f3 a <a href=\"http:\/\/help.opera.com\/Windows\/11.50\/es-ES\/cookies.html\" target=\"_blank\" rel=\"noopener\"><span>https:\/\/help.opera.com\/Windows\/11.50\/es-ES\/cookies.html<\/span><\/a><\/p>\n<ul>\n<li>Si utilitzeu Safari, trobareu aquesta opci\u00f3 al men\u00fa Prefer\u00e8ncies\/Privadesa.<\/li>\n<\/ul>\n<p>M\u00e9s informaci\u00f3 disponible a: <a href=\"https:\/\/support.apple.com\/kb\/HT1677?viewlocale=es_ES\" target=\"_blank\" rel=\"noopener\">https:\/\/support.apple.com\/kb\/HT1677?viewlocale=es_ES<\/a><\/p>\n<p><span>\u00a0<\/span><\/p>\n<p>Des del banner de galetes que apareix quan accedeixes al lloc web, pots exercir el teu dret a bloquejar, eliminar i rebutjar l'\u00fas de galetes.<\/p>\n<p>Podeu accedir al nostre panell de configuraci\u00f3 de galetes fent clic a <strong data-start=\"366\" data-end=\"395\" data-is-only-node=\"\">\u201cConfiguraci\u00f3 de galetes\u201d<\/strong> a la cantonada inferior dreta del lloc web i retirar el seu consentiment.<\/p>\n<p>[\/et_pb_text][\/et_pb_column][\/et_pb_row][\/et_pb_section]<\/p>","protected":false},"excerpt":{"rendered":"<p>La present pol\u00edtica t\u00e9 com a finalitat definir l&#8217;\u00fas de cookies de la p\u00e0gina web , aix\u00ed com facilitar informaci\u00f3 als usuaris i visitants de la mateixa en relaci\u00f3 a l&#8217;\u00fas de cookies i els mitjans de configuraci\u00f3 dels seus navegadors. La utilitzaci\u00f3 dels serveis oferts per , suposar\u00e0 l&#8217;acceptaci\u00f3 plena i sense reserves d&#8217;aquesta [&hellip;]<\/p>","protected":false},"author":4,"featured_media":0,"parent":0,"menu_order":0,"comment_status":"closed","ping_status":"closed","template":"","meta":{"_et_pb_use_builder":"on","_et_pb_old_content":"","_et_gb_content_width":"","footnotes":""},"class_list":["post-1294","page","type-page","status-publish","hentry"],"_links":{"self":[{"href":"https:\/\/ccvilamarina.es\/ca\/wp-json\/wp\/v2\/pages\/1294","targetHints":{"allow":["GET"]}}],"collection":[{"href":"https:\/\/ccvilamarina.es\/ca\/wp-json\/wp\/v2\/pages"}],"about":[{"href":"https:\/\/ccvilamarina.es\/ca\/wp-json\/wp\/v2\/types\/page"}],"author":[{"embeddable":true,"href":"https:\/\/ccvilamarina.es\/ca\/wp-json\/wp\/v2\/users\/4"}],"replies":[{"embeddable":true,"href":"https:\/\/ccvilamarina.es\/ca\/wp-json\/wp\/v2\/comments?post=1294"}],"version-history":[{"count":2,"href":"https:\/\/ccvilamarina.es\/ca\/wp-json\/wp\/v2\/pages\/1294\/revisions"}],"predecessor-version":[{"id":1296,"href":"https:\/\/ccvilamarina.es\/ca\/wp-json\/wp\/v2\/pages\/1294\/revisions\/1296"}],"wp:attachment":[{"href":"https:\/\/ccvilamarina.es\/ca\/wp-json\/wp\/v2\/media?parent=1294"}],"curies":[{"name":"wp","href":"https:\/\/api.w.org\/{rel}","templated":true}]}}