{"id":1284,"date":"2025-11-12T19:34:04","date_gmt":"2025-11-12T19:34:04","guid":{"rendered":"https:\/\/ccvilamarina.es\/?page_id=1284"},"modified":"2025-11-12T19:34:47","modified_gmt":"2025-11-12T19:34:47","slug":"aviso-legal-eng","status":"publish","type":"page","link":"https:\/\/ccvilamarina.es\/ca\/aviso-legal-eng\/","title":{"rendered":"AV\u00cdS LEGAL"},"content":{"rendered":"<p>[et_pb_section fb_built=\u00bb1&#8243; fullwidth=\u00bbon\u00bb _builder_version=\u00bb4.23.1&#8243; _module_preset=\u00bbdefault\u00bb background_image=\u00bbhttps:\/\/ccvilamarina.es\/wp-content\/uploads\/2023\/08\/vilamarina_eletlen.jpg\u00bb custom_margin=\u00bb-100px||||false|false\u00bb custom_margin_tablet=\u00bb-100px||||false|false\u00bb custom_margin_phone=\u00bb-100px||||false|false\u00bb custom_margin_last_edited=\u00bbon|desktop\u00bb global_colors_info=\u00bb{}\u00bb theme_builder_area=\u00bbpost_content\u00bb][et_pb_fullwidth_header title=\u00bbAVISO LEGAL\u00bb text_orientation=\u00bbcenter\u00bb _builder_version=\u00bb4.23.1&#8243; _module_preset=\u00bbdefault\u00bb title_font=\u00bbMontserrat|800|||||||\u00bb title_font_size=\u00bb55px\u00bb subhead_font=\u00bb|700|||||||\u00bb subhead_text_color=\u00bb#000000&#8243; subhead_font_size=\u00bb25px\u00bb background_enable_color=\u00bboff\u00bb custom_margin=\u00bb||||false|false\u00bb custom_padding=\u00bb200px||200px||true|false\u00bb global_colors_info=\u00bb{}\u00bb theme_builder_area=\u00bbpost_content\u00bb][\/et_pb_fullwidth_header][\/et_pb_section][et_pb_section fb_built=\u00bb1&#8243; _builder_version=\u00bb4.16&#8243; _module_preset=\u00bbdefault\u00bb global_colors_info=\u00bb{}\u00bb theme_builder_area=\u00bbpost_content\u00bb][et_pb_row _builder_version=\u00bb4.27.4&#8243; _module_preset=\u00bbdefault\u00bb width=\u00bb70%\u00bb max_width=\u00bb70%\u00bb hover_enabled=\u00bb0&#8243; global_colors_info=\u00bb{}\u00bb theme_builder_area=\u00bbpost_content\u00bb sticky_enabled=\u00bb0&#8243;][et_pb_column type=\u00bb4_4&#8243; _builder_version=\u00bb4.16&#8243; _module_preset=\u00bbdefault\u00bb global_colors_info=\u00bb{}\u00bb theme_builder_area=\u00bbpost_content\u00bb][et_pb_image src=\u00bbhttps:\/\/ccvilamarina.es\/wp-content\/uploads\/2025\/11\/united-kingdom-flag-icon-e1762792109483.webp\u00bb title_text=\u00bbunited-kingdom-flag-icon\u00bb _builder_version=\u00bb4.27.4&#8243; _module_preset=\u00bbdefault\u00bb height=\u00bb191px\u00bb hover_enabled=\u00bb0&#8243; global_colors_info=\u00bb{}\u00bb theme_builder_area=\u00bbpost_content\u00bb align=\u00bbcenter\u00bb sticky_enabled=\u00bb0&#8243;][\/et_pb_image][et_pb_text _builder_version=\u00bb4.27.4&#8243; _module_preset=\u00bb60227670-5756-4f1a-9431-98fc3527d93e\u00bb text_font=\u00bbMontserrat||||||||\u00bb header_font=\u00bb||||||||\u00bb header_2_font=\u00bbMontserrat||||||||\u00bb header_2_text_color=\u00bb#044D7F\u00bb header_2_font_size=\u00bb34px\u00bb header_2_line_height=\u00bb1.7em\u00bb header_4_font=\u00bbMontserrat|600|||||||\u00bb header_4_text_color=\u00bb#044D7F\u00bb header_4_font_size=\u00bb24px\u00bb text_orientation=\u00bbjustified\u00bb hover_enabled=\u00bb0&#8243; header_2_font_size_tablet=\u00bb34px\u00bb header_2_font_size_phone=\u00bb30px\u00bb header_2_font_size_last_edited=\u00bbon|phone\u00bb global_colors_info=\u00bb{}\u00bb theme_builder_area=\u00bbpost_content\u00bb sticky_enabled=\u00bb0&#8243;]<\/p>\n<p>Gr\u00e0cies per triar visitar-nos. Volem que la vostra experi\u00e8ncia al nostre lloc web sigui tan bona com sigui possible.<\/p>\n<p>Per accedir als nostres serveis, declareu que <strong>Tens edat legal<\/strong> i que tinguis la capacitat legal suficient per utilitzar els nostres serveis, d'acord amb la teva legislaci\u00f3 nacional.<\/p>\n<p>L'acc\u00e9s i la navegaci\u00f3 pel lloc web, o l'\u00fas dels seus serveis, implica l'acceptaci\u00f3 expressa i plena de cadascuna d'aquestes Condicions Generals, incloses les Condicions Especials establertes per a determinades promocions, aix\u00ed com les Pol\u00edtiques de privacitat i de galetes, relacionades amb la normativa vigent en mat\u00e8ria de protecci\u00f3 de dades personals. Li recomanem que les llegeixi atentament per con\u00e8ixer quin tipus de dades es recullen a trav\u00e9s del nostre lloc web, amb quines finalitats i quins drets relacionats li corresponen.<\/p>\n<p>&nbsp;<\/p>\n<p><strong>1.- Informaci\u00f3 legal.<\/strong><\/p>\n<p>D'acord amb la Llei 34\/2002, d'11 de juliol, de Serveis de la Societat de la Informaci\u00f3 i de Comer\u00e7 Electr\u00f2nic, les dades identificatives del propietari del Portal Web s\u00f3n:<\/p>\n<p>NIOMER VILAMARINA \u2013 CENTRE COMERCIAL VILAMARINA<\/p>\n<p>Inscrit en el Registre Mercantil el 24 d'octubre de 2024 amb el n\u00famero d'inscripci\u00f3 1\/2024\/167.346.0, llibre diari 2024, assent 46385.<\/p>\n<p>Si teniu cap pregunta o consulta, poseu-vos en contacte amb nosaltres per correu electr\u00f2nic: <span><a href=\"mailto:vilamarina.clientes@ccvilamarina.com\">vilamarina.clientes@ccvilamarina.com<\/a><\/span><\/p>\n<p>L'acc\u00e9s al lloc web implica l'acceptaci\u00f3 expressa d'aquestes Condicions Generals d'\u00das per part de l'Usuari, que el propietari podr\u00e0 modificar totalment o parcialment, o substituir per unes altres, en qualsevol moment i sense previ av\u00eds. Us recomanem que consulteu aquestes condicions de tant en tant per comprovar possibles modificacions, que es publicaran a la mateixa secci\u00f3.<\/p>\n<p>&nbsp;<\/p>\n<p><strong>2.- Condicions generals d'\u00fas.<\/strong><\/p>\n<p>Les seg\u00fcents Condicions Generals regulen l'\u00fas i l'acc\u00e9s al portal web, amb la finalitat d'establir les directrius per al seu \u00fas i comportament adequats. NIOMER VILAMARINA \u2013 CENTRE COMERCIAL VILAMARINA posa a disposici\u00f3 dels usuaris informaci\u00f3 sobre l'\u00fas, els serveis i el contingut allotjat al web. A trav\u00e9s d'aquest, l'Usuari t\u00e9 acc\u00e9s a informaci\u00f3 sobre productes i serveis espec\u00edfics, eines i aplicacions.<\/p>\n<p>Les dades i la informaci\u00f3 sobre productes o serveis, preus i caracter\u00edstiques o altres dades rellevants ofertes a trav\u00e9s del lloc web s\u00f3n creades, proporcionades i actualitzades pels prove\u00efdors i per empreses de tercers. NIOMER VILAMARINA \u2013 SHOPPING CENTRE VILAMARINA no \u00e9s, en cap cas, responsable d'aquestes dades i informaci\u00f3 ni assumeix cap obligaci\u00f3 respecte d'aquestes.<\/p>\n<p>L'Usuari es compromet a fer un \u00fas adequat dels continguts, serveis, aplicacions i eines accessibles, subjecte a la Llei i a aquestes Condicions Generals d'\u00das i, si s'escau, a les Condicions Espec\u00edfiques que es puguin establir per a l'acc\u00e9s a determinats serveis i aplicacions, respectant en tot moment els altres Usuaris.<\/p>\n<p>En cas d'incompliment total i\/o parcial per part de l'Usuari d'aquestes Condicions Generals d'\u00das, NIOMER VILAMARINA \u2013 CENTRE COMERCIAL VILAMARINA es reserva el dret de denegar l'acc\u00e9s al lloc web, sense previ av\u00eds a l'Usuari.<\/p>\n<p>&nbsp;<\/p>\n<p><strong>3.- Obligacions generals de l'usuari.<\/strong><\/p>\n<p>En acceptar aquestes Condicions Generals d'\u00das, l'Usuari es compromet expressament a:<\/p>\n<p>No dur a terme cap acci\u00f3 destinada a danyar, bloquejar, inutilitzar, sobrecarregar temporalment o permanentment les funcionalitats, eines, continguts i\/o infraestructura del lloc web, de manera que se'n impedeixi l'\u00fas normal.<\/p>\n<p>Per salvaguardar i mantenir la confidencialitat dels codis d'acc\u00e9s associats al seu nom d'usuari, essent responsable de l'\u00fas d'aquests codis d'acc\u00e9s personals i intransferibles per part de tercers.<\/p>\n<p>No introduir ni difondre contingut difamatori o calumni\u00f3s, tant d'altres Usuaris com d'empreses de tercers fora de NIOMER VILAMARINA \u2013 CENTRE COMERCIAL VILAMARINA.<\/p>\n<p>No utilitzar cap dels materials i de la informaci\u00f3 continguts en aquest lloc web amb finalitats il\u00b7l\u00edcites i\/o amb finalitats expressament prohibides en aquestes Condicions Generals d'\u00das, aix\u00ed com en les condicions particulars que, si s'escau, s'estableixin per a determinades aplicacions i\/o utilitats i que contravinguin els drets i interessos de NIOMER VILAMARINA \u2013 CENTRE COMERCIAL VILAMARINA, els seus usuaris i\/o tercers.<\/p>\n<p>Ni oferir ni distribuir productes i serveis, ni dur a terme publicitat o comunicacions comercials no sol\u00b7licitades a altres Usuaris i visitants de NIOMER VILAMARINA \u2013 CENTRE COMERCIAL VILAMARINA.<\/p>\n<p>L'Usuari ser\u00e0 responsable de tots els danys de qualsevol naturalesa que NIOMER VILAMARINA \u2013 CENTRE COMERCIAL VILAMARINA o qualsevol tercer pugui patir com a resultat del incompliment de qualsevol de les obligacions a les quals estigui subjecte en virtut d'aquestes \u2018Condicions Generals d'\u00das\u2019 o de la llei en relaci\u00f3 amb l'acc\u00e9s i\/o l'\u00fas de la p\u00e0gina.<\/p>\n<p>&nbsp;<\/p>\n<p><strong>4.- Propietat intel\u00b7lectual i industrial.<\/strong><\/p>\n<p>El lloc web, les p\u00e0gines que inclou i la informaci\u00f3 o els elements que hi consten (incloent-hi textos, documents, fotografies, dibuixos, representacions gr\u00e0fiques, propietat de NIOMER VILAMARINA o de tercers que autoritzen el propietari a utilitzar-los, entre d'altres), aix\u00ed com els logotips, les marques, els noms comercials o altres signes distintius, estan protegits pels drets de propietat intel\u00b7lectual i\/o industrial, dels quals NIOMER VILAMARINA \u2013 CENTRE COMERCIAL VILAMARINA \u00e9s la seva propiet\u00e0ria o t\u00e9 autoritzaci\u00f3 per al seu \u00fas i comunicaci\u00f3 p\u00fablica dels seus leg\u00edtims titulars.<\/p>\n<p>L'Usuari es compromet a fer servir els continguts de manera diligent i correcta, d'acord amb la llei, la moral i l'ordre p\u00fablic. NIOMER VILAMARINA \u2013 SHOPPING CENTRE VILAMARINA autoritza l'Usuari a visualitzar la informaci\u00f3 continguda en aquest lloc web, aix\u00ed com a fer reproduccions privades (activitat de desc\u00e0rrega i emmagatzematge senzilla en els seus sistemes inform\u00e0tics), sempre que els elements estiguin destinats exclusivament a l'\u00fas personal. En cap cas aix\u00f2 implica cap autoritzaci\u00f3 o llic\u00e8ncia sobre els drets de propietat de NIOMER VILAMARINA \u2013 SHOPPING CENTRE VILAMARINA o dels seus leg\u00edtims propietaris.<\/p>\n<p>L'Usuari no est\u00e0 autoritzat a procedir a la distribuci\u00f3, modificaci\u00f3, transfer\u00e8ncia o comunicaci\u00f3 p\u00fablica de la informaci\u00f3 continguda en aquest lloc web en cap forma ni per a cap finalitat.<\/p>\n<p>&nbsp;<\/p>\n<p><strong>5.- Enlla\u00e7os.<\/strong><\/p>\n<p>Les connexions i enlla\u00e7os a llocs o p\u00e0gines web de tercers s'han establert \u00fanicament com a servei per a l'Usuari. NIOMER VILAMARINA \u2013 CENTRE COMERCIAL VILAMARINA no se'n fa responsable ni del seu contingut.<\/p>\n<p>NIOMER VILAMARINA \u2013 SHOPPING CENTRE VILAMARINA no assumeix cap responsabilitat derivada de l'exist\u00e8ncia d'enlla\u00e7os entre els continguts d'aquest lloc i els continguts ubicats fora d'aquest lloc, ni de cap altra menci\u00f3 de continguts externs a aquest lloc. Aquests enlla\u00e7os o mencions tenen nom\u00e9s una finalitat informativa i en cap cas impliquen suport, aprovaci\u00f3, promoci\u00f3 o cap relaci\u00f3 entre NIOMER VILAMARINA \u2013 SHOPPING CENTRE VILAMARINA i les persones o entitats que s\u00f3n els autors i\/o gestors d'aquests continguts o els propietaris dels llocs on es troben.<\/p>\n<p>Per crear enlla\u00e7os al lloc web, caldr\u00e0 una autoritzaci\u00f3 expressa i per escrit dels propietaris del portal.<\/p>\n<p>&nbsp;<\/p>\n<p><strong>6. Responsabilitat.<\/strong><\/p>\n<p>NIOMER VILAMARINA \u2013 CENTRE COMERCIAL VILAMARINA no garanteix l'acc\u00e9s continuat, ni la visualitzaci\u00f3 correcta, la desc\u00e0rrega o l'\u00fas dels elements i la informaci\u00f3 continguts a les p\u00e0gines del portal, que poden ser impedits, dificultats o interromputs per factors o circumst\u00e0ncies alienes al seu control, ni els causats per l'exist\u00e8ncia de virus inform\u00e0tics a Internet.<\/p>\n<p>NIOMER VILAMARINA \u2013 CENTRE COMERCIAL VILAMARINA no assumeix cap responsabilitat pels danys, p\u00e8rdues, reclamacions o despeses causats per:<\/p>\n<p>(i) Interfer\u00e8ncies, interrupcions, fallades, omissions, retards, bloquejos o desconnexions causats per errors en les l\u00ednies i xarxes de telecomunicacions o per qualsevol altra causa alienes al control de NIOMER VILAMARINA \u2013 CENTRE COMERCIAL VILAMARINA.<\/p>\n<p>(ii) Intrusi\u00f3 il\u00b7leg\u00edtima mitjan\u00e7ant l'\u00fas de programari malici\u00f3s de qualsevol mena i a trav\u00e9s de qualsevol mitj\u00e0 de comunicaci\u00f3, com ara virus inform\u00e0tics o qualsevol altre.<\/p>\n<p>(iii) \u00das indegut o inadequat del lloc web NIOMER VILAMARINA \u2013 CENTRE COMERCIAL VILAMARINA.<\/p>\n<p>(iv) Errors de seguretat o de navegaci\u00f3 causats per un mal funcionament del navegador o per l'\u00fas de versions no actualitzades.<\/p>\n<p>NIOMER VILAMARINA \u2013 CENTRE COMERCIAL VILAMARINA no \u00e9s responsable i en cap cas ser\u00e0 responsable davant dels usuaris i tercers per actes de qualsevol tercer fora de NIOMER VILAMARINA \u2013 CENTRE COMERCIAL VILAMARINA que impliqui o pugui implicar la realitzaci\u00f3 d'actes de compet\u00e8ncia deslleial i publicitat il\u00b7legal o la infracci\u00f3 dels drets de propietat intel\u00b7lectual i industrial, dels secrets comercials, dels compromisos contractuals de qualsevol mena, dels drets a l'honor, a la intimitat personal i familiar i a la pr\u00f2pia imatge, dels drets de propietat i de qualsevol altre dret que pertanyi a tercers per ra\u00f3 de la transmissi\u00f3, difusi\u00f3, emmagatzematge, disponibilitat, recepci\u00f3, obtenci\u00f3 o acc\u00e9s als continguts.<\/p>\n<p><strong>7.- Protecci\u00f3 de dades personals.<\/strong><\/p>\n<p>La pol\u00edtica completa de tractament de dades personals es pot consultar a la Pol\u00edtica de privacitat, que forma part integral d'aquestes Condicions generals per\u00f2 que, per simplicitat, hem incl\u00f2s en un document separat: <u>Pol\u00edtica de privacitat.<\/u><\/p>\n<p>&nbsp;<\/p>\n<p><strong>8.- Legislaci\u00f3.<\/strong><\/p>\n<p>Aquest Av\u00eds Legal i els seus termes i condicions es regiran i s'interpretaran d'acord amb la legislaci\u00f3 espanyola. En accedir al lloc web o obtenir la condici\u00f3 d'usuari registrat, l'usuari atorga de manera irrevocable el seu consentiment als tribunals competents per con\u00e8ixer qualsevol acci\u00f3 legal derivada o relacionada amb les presents condicions, o amb el seu \u00fas d'aquest lloc o la navegaci\u00f3 realitzada en ell.<\/p>\n<p>Si alguna cl\u00e0usula o secci\u00f3 d'aquestes Condicions Generals, que no sigui d'una naturalesa essencial per a la seva exist\u00e8ncia, \u00e9s declarada nul\u00b7la i sense efecte o inaplicable, la validesa de les cl\u00e0usules restants no es veur\u00e0 afectada.<\/p>\n<p>[\/et_pb_text][\/et_pb_column][\/et_pb_row][\/et_pb_section]<\/p>","protected":false},"excerpt":{"rendered":"<p>Thank you for choosing to visit us. We want your experience on our website to be as good as possible. To access our services, you declare that you are of legal age and that you have sufficient legal capacity to use our services, in accordance with your national law. Accessing and browsing the website, or [&hellip;]<\/p>","protected":false},"author":4,"featured_media":0,"parent":0,"menu_order":0,"comment_status":"closed","ping_status":"closed","template":"","meta":{"_et_pb_use_builder":"on","_et_pb_old_content":"","_et_gb_content_width":"","footnotes":""},"class_list":["post-1284","page","type-page","status-publish","hentry"],"_links":{"self":[{"href":"https:\/\/ccvilamarina.es\/ca\/wp-json\/wp\/v2\/pages\/1284","targetHints":{"allow":["GET"]}}],"collection":[{"href":"https:\/\/ccvilamarina.es\/ca\/wp-json\/wp\/v2\/pages"}],"about":[{"href":"https:\/\/ccvilamarina.es\/ca\/wp-json\/wp\/v2\/types\/page"}],"author":[{"embeddable":true,"href":"https:\/\/ccvilamarina.es\/ca\/wp-json\/wp\/v2\/users\/4"}],"replies":[{"embeddable":true,"href":"https:\/\/ccvilamarina.es\/ca\/wp-json\/wp\/v2\/comments?post=1284"}],"version-history":[{"count":2,"href":"https:\/\/ccvilamarina.es\/ca\/wp-json\/wp\/v2\/pages\/1284\/revisions"}],"predecessor-version":[{"id":1286,"href":"https:\/\/ccvilamarina.es\/ca\/wp-json\/wp\/v2\/pages\/1284\/revisions\/1286"}],"wp:attachment":[{"href":"https:\/\/ccvilamarina.es\/ca\/wp-json\/wp\/v2\/media?parent=1284"}],"curies":[{"name":"wp","href":"https:\/\/api.w.org\/{rel}","templated":true}]}}