{"id":1278,"date":"2025-11-12T18:31:39","date_gmt":"2025-11-12T18:31:39","guid":{"rendered":"https:\/\/ccvilamarina.es\/?page_id=1278"},"modified":"2025-11-12T18:31:40","modified_gmt":"2025-11-12T18:31:40","slug":"aviso-legal-es","status":"publish","type":"page","link":"https:\/\/ccvilamarina.es\/ca\/aviso-legal-es\/","title":{"rendered":"AVISO LEGAL ES"},"content":{"rendered":"<p>[et_pb_section fb_built=\u00bb1&#8243; fullwidth=\u00bbon\u00bb _builder_version=\u00bb4.23.1&#8243; _module_preset=\u00bbdefault\u00bb background_image=\u00bbhttps:\/\/ccvilamarina.es\/wp-content\/uploads\/2023\/08\/vilamarina_eletlen.jpg\u00bb custom_margin=\u00bb-100px||||false|false\u00bb custom_margin_tablet=\u00bb-100px||||false|false\u00bb custom_margin_phone=\u00bb-100px||||false|false\u00bb custom_margin_last_edited=\u00bbon|desktop\u00bb global_colors_info=\u00bb{}\u00bb theme_builder_area=\u00bbpost_content\u00bb][et_pb_fullwidth_header title=\u00bbAVISO LEGAL\u00bb text_orientation=\u00bbcenter\u00bb _builder_version=\u00bb4.23.1&#8243; _module_preset=\u00bbdefault\u00bb title_font=\u00bbMontserrat|800|||||||\u00bb title_font_size=\u00bb55px\u00bb subhead_font=\u00bb|700|||||||\u00bb subhead_text_color=\u00bb#000000&#8243; subhead_font_size=\u00bb25px\u00bb background_enable_color=\u00bboff\u00bb custom_margin=\u00bb||||false|false\u00bb custom_padding=\u00bb200px||200px||true|false\u00bb global_colors_info=\u00bb{}\u00bb theme_builder_area=\u00bbpost_content\u00bb][\/et_pb_fullwidth_header][\/et_pb_section][et_pb_section fb_built=\u00bb1&#8243; _builder_version=\u00bb4.16&#8243; _module_preset=\u00bbdefault\u00bb global_colors_info=\u00bb{}\u00bb theme_builder_area=\u00bbpost_content\u00bb][et_pb_row _builder_version=\u00bb4.27.4&#8243; _module_preset=\u00bbdefault\u00bb width=\u00bb70%\u00bb max_width=\u00bb70%\u00bb hover_enabled=\u00bb0&#8243; global_colors_info=\u00bb{}\u00bb theme_builder_area=\u00bbpost_content\u00bb sticky_enabled=\u00bb0&#8243;][et_pb_column type=\u00bb4_4&#8243; _builder_version=\u00bb4.16&#8243; _module_preset=\u00bbdefault\u00bb global_colors_info=\u00bb{}\u00bb theme_builder_area=\u00bbpost_content\u00bb][et_pb_image src=\u00bbhttps:\/\/ccvilamarina.es\/wp-content\/uploads\/2025\/11\/spain_flag.png\u00bb title_text=\u00bbspain_flag\u00bb _builder_version=\u00bb4.27.4&#8243; _module_preset=\u00bbdefault\u00bb hover_enabled=\u00bb0&#8243; global_colors_info=\u00bb{}\u00bb theme_builder_area=\u00bbpost_content\u00bb align=\u00bbcenter\u00bb sticky_enabled=\u00bb0&#8243;][\/et_pb_image][et_pb_text _builder_version=\u00bb4.27.4&#8243; _module_preset=\u00bb60227670-5756-4f1a-9431-98fc3527d93e\u00bb text_font=\u00bbMontserrat||||||||\u00bb header_font=\u00bb||||||||\u00bb header_2_font=\u00bbMontserrat||||||||\u00bb header_2_text_color=\u00bb#044D7F\u00bb header_2_font_size=\u00bb34px\u00bb header_2_line_height=\u00bb1.7em\u00bb header_4_font=\u00bbMontserrat|600|||||||\u00bb header_4_text_color=\u00bb#044D7F\u00bb header_4_font_size=\u00bb24px\u00bb text_orientation=\u00bbjustified\u00bb header_2_font_size_tablet=\u00bb34px\u00bb header_2_font_size_phone=\u00bb30px\u00bb header_2_font_size_last_edited=\u00bbon|phone\u00bb global_colors_info=\u00bb{}\u00bb theme_builder_area=\u00bbpost_content\u00bb]<\/p>\n<p>Gr\u00e0cies per decidir visitar-nos. Volem que la vostra experi\u00e8ncia al nostre lloc web sigui la millor possible.<\/p>\n<p>Per accedir als nostres serveis, declareu que <strong>t\u00e9 edat legal<\/strong> i que tinguis la capacitat legal suficient per utilitzar els nostres serveis, d'acord amb la teva legislaci\u00f3 nacional.<\/p>\n<p>L'acc\u00e9s i la navegaci\u00f3 pel lloc web, o l'\u00fas dels seus serveis, implica l'acceptaci\u00f3 expressa i plena de cadascuna d'aquestes Condicions Generals, incloent-hi tant les Condicions Espec\u00edfiques establertes per a determinades promocions com les pol\u00edtiques de privacitat i galetes, relacionades amb la normativa vigent sobre protecci\u00f3 de dades personals. Llegiu-les atentament per saber quin tipus de dades es recullen a trav\u00e9s del nostre lloc web, amb quines finalitats i quins drets teniu en relaci\u00f3 amb aquestes.<\/p>\n<p>&nbsp;<\/p>\n<p><strong>1.- Informaci\u00f3 legal.<\/strong><\/p>\n<p>D'acord amb la Llei 34\/2002, d'11 de juliol, de Serveis de la Societat de la Informaci\u00f3 i de Comer\u00e7 Electr\u00f2nic, les dades identificatives del propietari del lloc web s\u00f3n:<\/p>\n<p>&nbsp;<\/p>\n<p>NIOMER VILAMARINA \u2013 CENTRE COMERCIAL VILAMARINA<\/p>\n<p>Inscrit al Registre Mercantil el 24 d'octubre de 2024 amb el n\u00famero d'entrada 1\/2024\/167,346.0, diari 2024, entrada 46385.<\/p>\n<p>Si teniu cap pregunta o consulta, poseu-vos en contacte amb nosaltres per correu electr\u00f2nic a: vilamarina.clientes@ccvilamarina.com<\/p>\n<p>L'acc\u00e9s al lloc web implica l'acceptaci\u00f3 expressa d'aquestes Condicions Generals d'\u00das per part de l'Usuari, que poden ser modificades totalment o parcialment, o substitu\u00efdes per unes altres, pel seu propietari i en qualsevol moment sense av\u00eds previ. Us recomanem que accediu a aquestes condicions de tant en tant per comprovar si hi ha canvis, que es publicaran a la mateixa secci\u00f3.<\/p>\n<p>&nbsp;<\/p>\n<p><strong>2.- Termes i condicions generals d'\u00fas.<\/strong><\/p>\n<p>Els seg\u00fcents Termes i Condicions Generals regulen l'\u00fas i l'acc\u00e9s al lloc web, amb la finalitat d'establir les directrius per al seu \u00fas i comportament adequats. NIOMER VILAMARINA \u2013 CENTRO COMERCIAL VILAMARINA posa a disposici\u00f3 dels usuaris informaci\u00f3 sobre l'\u00fas, els serveis i el contingut allotjats al lloc web. A trav\u00e9s d'aquest lloc web, els usuaris tenen acc\u00e9s a informaci\u00f3 sobre productes i serveis espec\u00edfics, eines i aplicacions.<\/p>\n<p>Les dades i la informaci\u00f3 sobre productes o serveis, preus i caracter\u00edstiques o altres dades rellevants ofertes a trav\u00e9s del lloc web s\u00f3n produ\u00efdes, proporcionades i actualitzades pels prove\u00efdors i per empreses de tercers. NIOMER VILAMARINA \u2013 CENTRO COMERCIAL VILAMARINA no es fa responsable d'aquestes dades i informaci\u00f3 ni assumeix cap obligaci\u00f3 al respecte.<\/p>\n<p>L'Usuari es compromet a fer un \u00fas adequat del contingut, els serveis, les aplicacions i les eines accessibles, subjecte a la Llei i a aquestes Condicions Generals d'\u00das i, si s'escau, a les Condicions Espec\u00edfiques que es puguin establir per a l'acc\u00e9s a determinats serveis i aplicacions, respectant en tot moment els altres Usuaris.<\/p>\n<p>En cas d'incompliment total i\/o parcial per part de l'Usuari d'aquests Termes i Condicions Generals d'\u00das, NIOMER VILAMARINA \u2013 CENTRO COMERCIAL VILAMARINA es reserva el dret de denegar l'acc\u00e9s al lloc web, sense previ av\u00eds a l'Usuari.<\/p>\n<p>&nbsp;<\/p>\n<p><strong>3.- Obligacions generals de l'usuari.<\/strong><\/p>\n<p>En acceptar aquests Termes i Condicions Generals d'\u00das, l'Usuari accepta expressament:<\/p>\n<p>No realitzis cap acci\u00f3 destinada a perjudicar, bloquejar, danyar, desactivar o sobrecarregar, temporalment o permanentment, les funcionalitats, eines, continguts i\/o infraestructura del lloc web de manera que n'impedeixi l'\u00fas normal.<\/p>\n<p>Protegiu i manteniu la confidencialitat dels codis d'acc\u00e9s associats al vostre nom d'usuari, i sou responsables de l'\u00fas d'aquests codis d'acc\u00e9s personals i intransferibles per part de tercers.<\/p>\n<p>No introdu\u00efu ni creeu contingut ofensiu o difamatori, ni sobre altres Usuaris ni sobre empreses de tercers no relacionades amb NIOMER VILAMARINA \u2013 VILAMARINA SHOPPING CENTRE.<\/p>\n<p>No utilitzeu cap dels materials i la informaci\u00f3 continguts en aquest lloc web amb finalitats il\u00b7legals i\/o amb finalitats expressament prohibides en aquests Termes i Condicions Generals d'\u00das, aix\u00ed com en qualsevol terme i condici\u00f3 espec\u00edfics que es puguin establir per a determinades aplicacions i\/o utilitats i que contravinguin els drets i interessos de NIOMER VILAMARINA \u2013 CENTRO COMERCIAL VILAMARINA, els seus usuaris i\/o tercers.<\/p>\n<p>No ofereixi ni distribueixi productes i serveis, ni envi\u00ef publicitat no sol\u00b7licitada o comunicacions comercials a altres Usuaris i visitants de NIOMER VILAMARINA \u2013 VILAMARINA SHOPPING CENTRE.<\/p>\n<p>L'Usuari ser\u00e0 responsable de qualsevol dany de qualsevol naturalesa que NIOMER VILAMARINA \u2013 CENTRO COMERCIAL VILAMARINA o qualsevol tercer pugui patir com a resultat de l'incompliment de qualsevol de les obligacions a les quals estigui subjecte en virtut d'aquestes \u201cCondicions Generals d'\u00das\u201d o de la llei en relaci\u00f3 amb l'acc\u00e9s i\/o l'\u00fas del lloc web.<\/p>\n<p>&nbsp;<\/p>\n<p><strong>4.- Propietat intel\u00b7lectual i industrial.<\/strong><\/p>\n<p>El lloc web, les p\u00e0gines que compr\u00e8n i la informaci\u00f3 o els elements que contenen (inclosos textos, documents, fotografies, dibuixos, representacions gr\u00e0fiques, propietat seva o de tercers que autoritzen el propietari a utilitzar-los, entre d'altres), aix\u00ed com logotips, marques, noms comercials o altres signes distintius, estan protegits pels drets de propietat intel\u00b7lectual i\/o industrial, dels quals NIOMER VILAMARINA \u2013 CENTRO COMERCIAL VILAMARINA \u00e9s el propietari o t\u00e9 autoritzaci\u00f3 per al seu \u00fas i comunicaci\u00f3 p\u00fablica dels seus leg\u00edtims propietaris.<\/p>\n<p>L'Usuari es compromet a utilitzar els continguts de manera diligent i correcta, d'acord amb la llei, la moral i l'ordre p\u00fablic. NIOMER VILAMARINA \u2013 CENTRO COMERCIAL VILAMARINA autoritza l'Usuari a visualitzar la informaci\u00f3 continguda en aquest lloc web, aix\u00ed com a fer reproduccions privades (desc\u00e0rrega i emmagatzematge senzills en els seus sistemes inform\u00e0tics), sempre que els elements estiguin destinats exclusivament a l'\u00fas personal. En cap cas aix\u00f2 implicar\u00e0 autoritzaci\u00f3 o llic\u00e8ncia dels drets de propietat de NIOMER VILAMARINA \u2013 CENTRO COMERCIAL VILAMARINA o dels seus leg\u00edtims propietaris.<\/p>\n<p>L'Usuari no est\u00e0 autoritzat a distribuir, modificar, transferir o comunicar p\u00fablicament la informaci\u00f3 continguda en aquest lloc web de cap manera ni per a cap finalitat.<\/p>\n<p>&nbsp;<\/p>\n<p><strong>5.- Enlla\u00e7os.<\/strong><\/p>\n<p>Els enlla\u00e7os i connexions a llocs web o p\u00e0gines web de tercers s'han establert \u00fanicament per a la comoditat de l'Usuari. NIOMER VILAMARINA \u2013 CENTRO COMERCIAL VILAMARINA no es fa responsable d'aquests llocs web ni del seu contingut.<\/p>\n<p>NIOMER VILAMARINA \u2013 CENTRE COMERCIAL VILAMARINA no es fa responsable de l'exist\u00e8ncia d'enlla\u00e7os entre el contingut d'aquest lloc i el contingut que es troba fora d'ell, ni de cap altra menci\u00f3 de contingut extern a aquest lloc. Aquests enlla\u00e7os o refer\u00e8ncies tenen nom\u00e9s una finalitat informativa i de cap manera impliquen cap suport, aprovaci\u00f3, promoci\u00f3 o relaci\u00f3 entre NIOMER VILAMARINA \u2013 CENTRO COMERCIAL VILAMARINA i les persones o entitats que autoren i\/o gestionen aquest contingut o els propietaris dels llocs on es troba.<\/p>\n<p>Per crear enlla\u00e7os al lloc web, caldr\u00e0 una autoritzaci\u00f3 escrita dels propietaris del portal.<\/p>\n<p>&nbsp;<\/p>\n<p><strong>6.- Responsabilitat.<\/strong><\/p>\n<p>NIOMER VILAMARINA \u2013 CENTRO COMERCIAL VILAMARINA no garanteix l'acc\u00e9s continuat, ni la visualitzaci\u00f3 correcta, la desc\u00e0rrega o l'\u00fas dels elements i la informaci\u00f3 continguts a les p\u00e0gines del portal, que poden veure's impedits, dificultats o interromputs per factors o circumst\u00e0ncies alienes al seu control o a la seva voluntat, o per aquells causats per l'exist\u00e8ncia de virus inform\u00e0tics a Internet.<\/p>\n<p>NIOMER VILAMARINA \u2013 CENTRE COMERCIAL VILAMARINA no es fa responsable de cap dany, p\u00e8rdua, reclamaci\u00f3 o despesa derivada de:<\/p>\n<p>(i) Interfer\u00e8ncies, interrupcions, fallades, omissions, retards, bloquejos o desconnexions causats per errors en les l\u00ednies i xarxes de telecomunicacions o per qualsevol altra causa alienes al control de NIOMER VILAMARINA \u2013 VILAMARINA SHOPPING CENTRE.<\/p>\n<p>(ii) interfer\u00e8ncia il\u00b7l\u00edcita mitjan\u00e7ant l'\u00fas de programes maliciosos de qualsevol mena i a trav\u00e9s de qualsevol mitj\u00e0 de comunicaci\u00f3, com ara virus inform\u00e0tics o qualsevol altre;<\/p>\n<p>(iii) Mal \u00fas o \u00fas indegut del lloc web de NIOMER VILAMARINA \u2013 CENTRE COMERCIAL VILAMARINA.<\/p>\n<p>(iv) Errors de seguretat o de navegaci\u00f3 causats pel mal funcionament del navegador o per l'\u00fas de versions obsoletes.<\/p>\n<p>NIOMER VILAMARINA \u2013 VILAMARINA SHOPPING CENTRE no \u00e9s responsable i en cap cas ser\u00e0 responsable davant dels usuaris o tercers per actes de qualsevol tercer no relacionat amb NIOMER VILAMARINA \u2013 CENTRO COMERCIAL VILAMARINA que impliquin o puguin implicar actes de compet\u00e8ncia deslleial i publicitat il\u00b7legal o la infracci\u00f3 de drets de propietat intel\u00b7lectual i industrial, secrets comercials, compromisos contractuals de qualsevol mena, drets a l'honor, drets de propietat i qualsevol altre dret que pertanyi a tercers a causa de la transmissi\u00f3, difusi\u00f3, emmagatzematge, subministrament, recepci\u00f3, obtenci\u00f3 o acc\u00e9s al contingut.<\/p>\n<p>&nbsp;<\/p>\n<p><strong>7.- Protecci\u00f3 de dades personals.<\/strong><\/p>\n<p>Trobareu la pol\u00edtica completa de tractament de dades personals a la Pol\u00edtica de privacitat, que forma part integral d'aquests Termes i Condicions generals per\u00f2 que, per simplicitat, hem col\u00b7locat en un document separat: <u>Pol\u00edtica de privacitat<\/u>.<\/p>\n<p>&nbsp;<\/p>\n<p><strong>8.- Legislaci\u00f3.<\/strong><\/p>\n<p>Aquest Av\u00eds Legal i els seus termes i condicions es regiran i s'interpretaran d'acord amb la legislaci\u00f3 espanyola. En accedir al lloc web o registrar-se com a usuari, l'usuari atorga de manera irrevocable el seu consentiment als tribunals competents per con\u00e8ixer qualsevol acci\u00f3 legal derivada o relacionada amb aquestes condicions, o amb l'\u00fas que faci d'aquest lloc o la seva navegaci\u00f3 per aquest.<\/p>\n<p>Si alguna cl\u00e0usula o secci\u00f3 d'aquests Termes i Condicions Generals, que no sigui essencial per a la seva exist\u00e8ncia, \u00e9s declarada nul\u00b7la i sense efecte o inaplicable, la validesa de les cl\u00e0usules restants no se'n veur\u00e0 afectada.<\/p>\n<p>[\/et_pb_text][\/et_pb_column][\/et_pb_row][\/et_pb_section]<\/p>","protected":false},"excerpt":{"rendered":"<p>Le agradecemos que hayas decidido visitarnos. Queremos que su experiencia en nuestra Web sea lo mejor posible. Para acceder a nuestros servicios, declara que es mayor de edad y que tiene la capacidad legal suficiente para usar nuestros servicios, de acuerdo con su ley nacional. El acceso y la navegaci\u00f3n en el sitio web, o [&hellip;]<\/p>","protected":false},"author":4,"featured_media":0,"parent":0,"menu_order":0,"comment_status":"closed","ping_status":"closed","template":"","meta":{"_et_pb_use_builder":"on","_et_pb_old_content":"","_et_gb_content_width":"","footnotes":""},"class_list":["post-1278","page","type-page","status-publish","hentry"],"_links":{"self":[{"href":"https:\/\/ccvilamarina.es\/ca\/wp-json\/wp\/v2\/pages\/1278","targetHints":{"allow":["GET"]}}],"collection":[{"href":"https:\/\/ccvilamarina.es\/ca\/wp-json\/wp\/v2\/pages"}],"about":[{"href":"https:\/\/ccvilamarina.es\/ca\/wp-json\/wp\/v2\/types\/page"}],"author":[{"embeddable":true,"href":"https:\/\/ccvilamarina.es\/ca\/wp-json\/wp\/v2\/users\/4"}],"replies":[{"embeddable":true,"href":"https:\/\/ccvilamarina.es\/ca\/wp-json\/wp\/v2\/comments?post=1278"}],"version-history":[{"count":2,"href":"https:\/\/ccvilamarina.es\/ca\/wp-json\/wp\/v2\/pages\/1278\/revisions"}],"predecessor-version":[{"id":1280,"href":"https:\/\/ccvilamarina.es\/ca\/wp-json\/wp\/v2\/pages\/1278\/revisions\/1280"}],"wp:attachment":[{"href":"https:\/\/ccvilamarina.es\/ca\/wp-json\/wp\/v2\/media?parent=1278"}],"curies":[{"name":"wp","href":"https:\/\/api.w.org\/{rel}","templated":true}]}}